{"id":85,"date":"2024-05-05T16:27:47","date_gmt":"2024-05-05T16:27:47","guid":{"rendered":"https:\/\/chucaros.com.ar\/c\/?page_id=85"},"modified":"2024-06-25T15:47:28","modified_gmt":"2024-06-25T15:47:28","slug":"federico-m-boffi","status":"publish","type":"page","link":"https:\/\/chucaros.com.ar\/c\/federico-m-boffi\/","title":{"rendered":"FEDERICO BOFFI."},"content":{"rendered":"\n<h2 class=\"wp-block-heading\">FEDERICO BOFFI.<\/h2>\n\n\n\n<h4 class=\"wp-block-heading\"><strong>Jefe de Veterinaria.<\/strong><\/h4>\n\n\n\n<div class=\"wp-block-columns is-layout-flex wp-container-core-columns-is-layout-9d6595d7 wp-block-columns-is-layout-flex\">\n<div class=\"wp-block-column is-layout-flow wp-block-column-is-layout-flow\">\n<figure class=\"wp-block-image size-large\"><img loading=\"lazy\" decoding=\"async\" width=\"1024\" height=\"708\" src=\"https:\/\/chucaros.com.ar\/c\/wp-content\/uploads\/2024\/06\/WhatsApp-Image-2023-12-28-at-12.28.45-1024x708.jpeg\" alt=\"\" class=\"wp-image-383\" srcset=\"https:\/\/chucaros.com.ar\/c\/wp-content\/uploads\/2024\/06\/WhatsApp-Image-2023-12-28-at-12.28.45-1024x708.jpeg 1024w, https:\/\/chucaros.com.ar\/c\/wp-content\/uploads\/2024\/06\/WhatsApp-Image-2023-12-28-at-12.28.45-300x207.jpeg 300w, https:\/\/chucaros.com.ar\/c\/wp-content\/uploads\/2024\/06\/WhatsApp-Image-2023-12-28-at-12.28.45-768x531.jpeg 768w, https:\/\/chucaros.com.ar\/c\/wp-content\/uploads\/2024\/06\/WhatsApp-Image-2023-12-28-at-12.28.45-1536x1062.jpeg 1536w, https:\/\/chucaros.com.ar\/c\/wp-content\/uploads\/2024\/06\/WhatsApp-Image-2023-12-28-at-12.28.45.jpeg 1600w\" sizes=\"auto, (max-width: 1024px) 100vw, 1024px\" \/><\/figure>\n<\/div>\n\n\n\n<div class=\"wp-block-column is-layout-flow wp-block-column-is-layout-flow\">\n<figure class=\"wp-block-image size-large is-resized\"><img loading=\"lazy\" decoding=\"async\" width=\"1024\" height=\"742\" src=\"https:\/\/chucaros.com.ar\/c\/wp-content\/uploads\/2024\/06\/V3C0612-1024x742.jpg\" alt=\"\" class=\"wp-image-384\" style=\"width:514px;height:auto\" srcset=\"https:\/\/chucaros.com.ar\/c\/wp-content\/uploads\/2024\/06\/V3C0612-1024x742.jpg 1024w, https:\/\/chucaros.com.ar\/c\/wp-content\/uploads\/2024\/06\/V3C0612-300x217.jpg 300w, https:\/\/chucaros.com.ar\/c\/wp-content\/uploads\/2024\/06\/V3C0612-768x556.jpg 768w, https:\/\/chucaros.com.ar\/c\/wp-content\/uploads\/2024\/06\/V3C0612-1536x1113.jpg 1536w, https:\/\/chucaros.com.ar\/c\/wp-content\/uploads\/2024\/06\/V3C0612-2048x1483.jpg 2048w\" sizes=\"auto, (max-width: 1024px) 100vw, 1024px\" \/><\/figure>\n<\/div>\n<\/div>\n\n\n\n<div class=\"wp-block-columns is-layout-flex wp-container-core-columns-is-layout-9d6595d7 wp-block-columns-is-layout-flex\">\n<div class=\"wp-block-column is-layout-flow wp-block-column-is-layout-flow\">\n<figure class=\"wp-block-image size-large\"><img loading=\"lazy\" decoding=\"async\" width=\"1024\" height=\"683\" src=\"https:\/\/chucaros.com.ar\/c\/wp-content\/uploads\/2024\/06\/fede-y-juan-1024x683.jpg\" alt=\"\" class=\"wp-image-385\" srcset=\"https:\/\/chucaros.com.ar\/c\/wp-content\/uploads\/2024\/06\/fede-y-juan-1024x683.jpg 1024w, https:\/\/chucaros.com.ar\/c\/wp-content\/uploads\/2024\/06\/fede-y-juan-300x200.jpg 300w, https:\/\/chucaros.com.ar\/c\/wp-content\/uploads\/2024\/06\/fede-y-juan-768x512.jpg 768w, https:\/\/chucaros.com.ar\/c\/wp-content\/uploads\/2024\/06\/fede-y-juan-1536x1024.jpg 1536w, https:\/\/chucaros.com.ar\/c\/wp-content\/uploads\/2024\/06\/fede-y-juan-2048x1365.jpg 2048w\" sizes=\"auto, (max-width: 1024px) 100vw, 1024px\" \/><\/figure>\n<\/div>\n\n\n\n<div class=\"wp-block-column is-vertically-aligned-center is-layout-flow wp-block-column-is-layout-flow\">\n<ul class=\"wp-block-list\">\n<li>M\u00e9dico Veterinario graduado en la UNLP.<\/li>\n\n\n\n<li>Ph.D. Realizado en la Universidad de Tokio, Jap\u00f3n.<\/li>\n\n\n\n<li>Especialidad en Medicina Deportiva Equina otorgada por la Universidad de Dublin, Irlanda.<\/li>\n<\/ul>\n<\/div>\n<\/div>\n\n\n\n<blockquote class=\"wp-block-quote is-layout-flow wp-block-quote-is-layout-flow\">\n<p><em>\u00abLo que m\u00e1s me motiva es sumarle trazabilidad y base cient\u00edfica al proceso de entrenamiento del SPC\u00bb.<\/em><\/p>\n<\/blockquote>\n\n\n\n<p>Tengo m\u00e1s de 30 a\u00f1os de experiencia laboral con caballos de deporte y poco m\u00e1s de la mitad de los mismos han sido en el exterior, principalmente en Asia y Europa.<\/p>\n\n\n\n<p>Mi vinculaci\u00f3n con el deporte no es s\u00f3lo profesional, ya que, como muchos de los que conformamos CH\u00daCAROS, desde muy temprana edad jugu\u00e9 al rugby. A\u00fan hoy sigo vinculado muy estrechamente al rugby, porque tengo 3 hijos varones que juegan ese hermoso deporte.<\/p>\n\n\n\n<p>En CH\u00daCAROS valoramos el trabajo en equipo, el respeto por el Turf y, fundamentalmente, el amor por los caballos. Lo que m\u00e1s me motiva es nuestro objetivo principal, que es sumarle trazabilidad y base cient\u00edfica al proceso de entrenamiento del SPC, tratando al caballo como a un atleta de \u00e9lite y priorizando siempre su bienestar.<\/p>\n\n\n\n<p><\/p>\n\n\n\n<figure class=\"wp-block-gallery has-nested-images columns-default is-cropped wp-block-gallery-1 is-layout-flex wp-block-gallery-is-layout-flex\">\n<figure class=\"wp-block-image size-large\"><img loading=\"lazy\" decoding=\"async\" width=\"1024\" height=\"742\" data-id=\"391\" src=\"https:\/\/chucaros.com.ar\/c\/wp-content\/uploads\/2024\/06\/V3C0612-1-1024x742.jpg\" alt=\"\" class=\"wp-image-391\" srcset=\"https:\/\/chucaros.com.ar\/c\/wp-content\/uploads\/2024\/06\/V3C0612-1-1024x742.jpg 1024w, https:\/\/chucaros.com.ar\/c\/wp-content\/uploads\/2024\/06\/V3C0612-1-300x217.jpg 300w, https:\/\/chucaros.com.ar\/c\/wp-content\/uploads\/2024\/06\/V3C0612-1-768x556.jpg 768w, https:\/\/chucaros.com.ar\/c\/wp-content\/uploads\/2024\/06\/V3C0612-1-1536x1113.jpg 1536w, https:\/\/chucaros.com.ar\/c\/wp-content\/uploads\/2024\/06\/V3C0612-1-2048x1483.jpg 2048w\" sizes=\"auto, (max-width: 1024px) 100vw, 1024px\" \/><\/figure>\n\n\n\n<figure class=\"wp-block-image size-large\"><img loading=\"lazy\" decoding=\"async\" width=\"1024\" height=\"683\" data-id=\"387\" src=\"https:\/\/chucaros.com.ar\/c\/wp-content\/uploads\/2024\/06\/V3C0614-1024x683.jpg\" alt=\"\" class=\"wp-image-387\" srcset=\"https:\/\/chucaros.com.ar\/c\/wp-content\/uploads\/2024\/06\/V3C0614-1024x683.jpg 1024w, https:\/\/chucaros.com.ar\/c\/wp-content\/uploads\/2024\/06\/V3C0614-300x200.jpg 300w, https:\/\/chucaros.com.ar\/c\/wp-content\/uploads\/2024\/06\/V3C0614-768x512.jpg 768w, https:\/\/chucaros.com.ar\/c\/wp-content\/uploads\/2024\/06\/V3C0614-1536x1024.jpg 1536w, https:\/\/chucaros.com.ar\/c\/wp-content\/uploads\/2024\/06\/V3C0614-2048x1365.jpg 2048w\" sizes=\"auto, (max-width: 1024px) 100vw, 1024px\" \/><\/figure>\n\n\n\n<figure class=\"wp-block-image size-large\"><img loading=\"lazy\" decoding=\"async\" width=\"1024\" height=\"666\" data-id=\"388\" src=\"https:\/\/chucaros.com.ar\/c\/wp-content\/uploads\/2024\/06\/V3C0617-1024x666.jpg\" alt=\"\" class=\"wp-image-388\" srcset=\"https:\/\/chucaros.com.ar\/c\/wp-content\/uploads\/2024\/06\/V3C0617-1024x666.jpg 1024w, https:\/\/chucaros.com.ar\/c\/wp-content\/uploads\/2024\/06\/V3C0617-300x195.jpg 300w, https:\/\/chucaros.com.ar\/c\/wp-content\/uploads\/2024\/06\/V3C0617-768x500.jpg 768w, https:\/\/chucaros.com.ar\/c\/wp-content\/uploads\/2024\/06\/V3C0617-1536x999.jpg 1536w, https:\/\/chucaros.com.ar\/c\/wp-content\/uploads\/2024\/06\/V3C0617-2048x1332.jpg 2048w\" sizes=\"auto, (max-width: 1024px) 100vw, 1024px\" \/><\/figure>\n\n\n\n<figure class=\"wp-block-image size-large\"><img loading=\"lazy\" decoding=\"async\" width=\"740\" height=\"1024\" data-id=\"389\" src=\"https:\/\/chucaros.com.ar\/c\/wp-content\/uploads\/2024\/06\/V3C0619-740x1024.jpg\" alt=\"\" class=\"wp-image-389\" srcset=\"https:\/\/chucaros.com.ar\/c\/wp-content\/uploads\/2024\/06\/V3C0619-740x1024.jpg 740w, https:\/\/chucaros.com.ar\/c\/wp-content\/uploads\/2024\/06\/V3C0619-217x300.jpg 217w, https:\/\/chucaros.com.ar\/c\/wp-content\/uploads\/2024\/06\/V3C0619-768x1063.jpg 768w, https:\/\/chucaros.com.ar\/c\/wp-content\/uploads\/2024\/06\/V3C0619-1109x1536.jpg 1109w, https:\/\/chucaros.com.ar\/c\/wp-content\/uploads\/2024\/06\/V3C0619-1479x2048.jpg 1479w, https:\/\/chucaros.com.ar\/c\/wp-content\/uploads\/2024\/06\/V3C0619-scaled.jpg 1849w\" sizes=\"auto, (max-width: 740px) 100vw, 740px\" \/><\/figure>\n\n\n\n<figure class=\"wp-block-image size-large\"><img loading=\"lazy\" decoding=\"async\" width=\"1024\" height=\"683\" data-id=\"390\" src=\"https:\/\/chucaros.com.ar\/c\/wp-content\/uploads\/2024\/06\/fede-y-juan-1-1024x683.jpg\" alt=\"\" class=\"wp-image-390\" srcset=\"https:\/\/chucaros.com.ar\/c\/wp-content\/uploads\/2024\/06\/fede-y-juan-1-1024x683.jpg 1024w, https:\/\/chucaros.com.ar\/c\/wp-content\/uploads\/2024\/06\/fede-y-juan-1-300x200.jpg 300w, https:\/\/chucaros.com.ar\/c\/wp-content\/uploads\/2024\/06\/fede-y-juan-1-768x512.jpg 768w, https:\/\/chucaros.com.ar\/c\/wp-content\/uploads\/2024\/06\/fede-y-juan-1-1536x1024.jpg 1536w, https:\/\/chucaros.com.ar\/c\/wp-content\/uploads\/2024\/06\/fede-y-juan-1-2048x1365.jpg 2048w\" sizes=\"auto, (max-width: 1024px) 100vw, 1024px\" \/><\/figure>\n\n\n\n<figure class=\"wp-block-image size-large\"><img loading=\"lazy\" decoding=\"async\" width=\"1024\" height=\"767\" data-id=\"386\" src=\"https:\/\/chucaros.com.ar\/c\/wp-content\/uploads\/2024\/06\/WhatsApp-Image-2023-07-19-at-10.39.04-1-1024x767.jpeg\" alt=\"\" class=\"wp-image-386\" srcset=\"https:\/\/chucaros.com.ar\/c\/wp-content\/uploads\/2024\/06\/WhatsApp-Image-2023-07-19-at-10.39.04-1-1024x767.jpeg 1024w, https:\/\/chucaros.com.ar\/c\/wp-content\/uploads\/2024\/06\/WhatsApp-Image-2023-07-19-at-10.39.04-1-300x225.jpeg 300w, https:\/\/chucaros.com.ar\/c\/wp-content\/uploads\/2024\/06\/WhatsApp-Image-2023-07-19-at-10.39.04-1-768x575.jpeg 768w, https:\/\/chucaros.com.ar\/c\/wp-content\/uploads\/2024\/06\/WhatsApp-Image-2023-07-19-at-10.39.04-1-1536x1150.jpeg 1536w, https:\/\/chucaros.com.ar\/c\/wp-content\/uploads\/2024\/06\/WhatsApp-Image-2023-07-19-at-10.39.04-1.jpeg 1600w\" sizes=\"auto, (max-width: 1024px) 100vw, 1024px\" \/><\/figure>\n<\/figure>\n","protected":false},"excerpt":{"rendered":"<p>FEDERICO BOFFI. Jefe de Veterinaria. \u00abLo que m\u00e1s me motiva es sumarle trazabilidad y base cient\u00edfica al proceso de entrenamiento del SPC\u00bb. Tengo m\u00e1s de 30 a\u00f1os de experiencia laboral con caballos de deporte y poco m\u00e1s de la mitad de los mismos han sido en el exterior, principalmente en Asia y Europa. Mi vinculaci\u00f3n &#8230; <a title=\"FEDERICO BOFFI.\" class=\"read-more\" href=\"https:\/\/chucaros.com.ar\/c\/federico-m-boffi\/\" aria-label=\"Leer m\u00e1s sobre FEDERICO BOFFI.\">Leer m\u00e1s<\/a><\/p>\n","protected":false},"author":2,"featured_media":0,"parent":0,"menu_order":0,"comment_status":"closed","ping_status":"closed","template":"","meta":{"footnotes":""},"class_list":["post-85","page","type-page","status-publish"],"_links":{"self":[{"href":"https:\/\/chucaros.com.ar\/c\/wp-json\/wp\/v2\/pages\/85","targetHints":{"allow":["GET"]}}],"collection":[{"href":"https:\/\/chucaros.com.ar\/c\/wp-json\/wp\/v2\/pages"}],"about":[{"href":"https:\/\/chucaros.com.ar\/c\/wp-json\/wp\/v2\/types\/page"}],"author":[{"embeddable":true,"href":"https:\/\/chucaros.com.ar\/c\/wp-json\/wp\/v2\/users\/2"}],"replies":[{"embeddable":true,"href":"https:\/\/chucaros.com.ar\/c\/wp-json\/wp\/v2\/comments?post=85"}],"version-history":[{"count":9,"href":"https:\/\/chucaros.com.ar\/c\/wp-json\/wp\/v2\/pages\/85\/revisions"}],"predecessor-version":[{"id":392,"href":"https:\/\/chucaros.com.ar\/c\/wp-json\/wp\/v2\/pages\/85\/revisions\/392"}],"wp:attachment":[{"href":"https:\/\/chucaros.com.ar\/c\/wp-json\/wp\/v2\/media?parent=85"}],"curies":[{"name":"wp","href":"https:\/\/api.w.org\/{rel}","templated":true}]}}