{"id":238,"date":"2024-05-08T20:30:15","date_gmt":"2024-05-08T20:30:15","guid":{"rendered":"https:\/\/chucaros.com.ar\/c\/?page_id=238"},"modified":"2024-06-25T19:37:04","modified_gmt":"2024-06-25T19:37:04","slug":"rodrigo-vergara","status":"publish","type":"page","link":"https:\/\/chucaros.com.ar\/c\/rodrigo-vergara\/","title":{"rendered":"RODRIGO VERGARA."},"content":{"rendered":"\n<h2 class=\"wp-block-heading\">RODRIGO VERGARA.<\/h2>\n\n\n\n<h4 class=\"wp-block-heading\"><strong>Fot\u00f3grafo.<\/strong><\/h4>\n\n\n\n<div class=\"wp-block-columns is-layout-flex wp-container-core-columns-is-layout-9d6595d7 wp-block-columns-is-layout-flex\">\n<div class=\"wp-block-column is-layout-flow wp-block-column-is-layout-flow\">\n<figure class=\"wp-block-image size-large\"><img loading=\"lazy\" decoding=\"async\" width=\"2560\" height=\"1920\" src=\"https:\/\/chucaros.com.ar\/c\/wp-content\/uploads\/2024\/06\/DSCF1961-edited-scaled.jpg\" alt=\"\" class=\"wp-image-561\" srcset=\"https:\/\/chucaros.com.ar\/c\/wp-content\/uploads\/2024\/06\/DSCF1961-edited-scaled.jpg 2560w, https:\/\/chucaros.com.ar\/c\/wp-content\/uploads\/2024\/06\/DSCF1961-edited-300x225.jpg 300w, https:\/\/chucaros.com.ar\/c\/wp-content\/uploads\/2024\/06\/DSCF1961-edited-1024x768.jpg 1024w, https:\/\/chucaros.com.ar\/c\/wp-content\/uploads\/2024\/06\/DSCF1961-edited-768x576.jpg 768w, https:\/\/chucaros.com.ar\/c\/wp-content\/uploads\/2024\/06\/DSCF1961-edited-1536x1152.jpg 1536w, https:\/\/chucaros.com.ar\/c\/wp-content\/uploads\/2024\/06\/DSCF1961-edited-2048x1536.jpg 2048w\" sizes=\"auto, (max-width: 2560px) 100vw, 2560px\" \/><\/figure>\n<\/div>\n\n\n\n<div class=\"wp-block-column is-layout-flow wp-block-column-is-layout-flow\">\n<figure class=\"wp-block-image size-full\"><img loading=\"lazy\" decoding=\"async\" width=\"960\" height=\"720\" src=\"https:\/\/chucaros.com.ar\/c\/wp-content\/uploads\/2024\/06\/WhatsApp-Image-2023-12-24-at-17.02.52-1-edited.jpeg\" alt=\"\" class=\"wp-image-562\" srcset=\"https:\/\/chucaros.com.ar\/c\/wp-content\/uploads\/2024\/06\/WhatsApp-Image-2023-12-24-at-17.02.52-1-edited.jpeg 960w, https:\/\/chucaros.com.ar\/c\/wp-content\/uploads\/2024\/06\/WhatsApp-Image-2023-12-24-at-17.02.52-1-edited-300x225.jpeg 300w, https:\/\/chucaros.com.ar\/c\/wp-content\/uploads\/2024\/06\/WhatsApp-Image-2023-12-24-at-17.02.52-1-edited-768x576.jpeg 768w\" sizes=\"auto, (max-width: 960px) 100vw, 960px\" \/><\/figure>\n<\/div>\n<\/div>\n\n\n\n<div class=\"wp-block-columns is-layout-flex wp-container-core-columns-is-layout-9d6595d7 wp-block-columns-is-layout-flex\">\n<div class=\"wp-block-column is-layout-flow wp-block-column-is-layout-flow\">\n<figure class=\"wp-block-image size-large\"><img loading=\"lazy\" decoding=\"async\" width=\"1024\" height=\"683\" src=\"https:\/\/chucaros.com.ar\/c\/wp-content\/uploads\/2024\/06\/DSCF9827-1-1024x683.jpg\" alt=\"\" class=\"wp-image-564\" srcset=\"https:\/\/chucaros.com.ar\/c\/wp-content\/uploads\/2024\/06\/DSCF9827-1-1024x683.jpg 1024w, https:\/\/chucaros.com.ar\/c\/wp-content\/uploads\/2024\/06\/DSCF9827-1-300x200.jpg 300w, https:\/\/chucaros.com.ar\/c\/wp-content\/uploads\/2024\/06\/DSCF9827-1-768x512.jpg 768w, https:\/\/chucaros.com.ar\/c\/wp-content\/uploads\/2024\/06\/DSCF9827-1-1536x1024.jpg 1536w, https:\/\/chucaros.com.ar\/c\/wp-content\/uploads\/2024\/06\/DSCF9827-1-2048x1365.jpg 2048w\" sizes=\"auto, (max-width: 1024px) 100vw, 1024px\" \/><\/figure>\n<\/div>\n\n\n\n<div class=\"wp-block-column is-vertically-aligned-center is-layout-flow wp-block-column-is-layout-flow\">\n<ul class=\"wp-block-list\">\n<li>Fot\u00f3grafo Profesional.\u00a0<\/li>\n\n\n\n<li>Fot\u00f3grafo de equipos de Alta Performance: 20 a\u00f1os con Los Pumas, 8 a\u00f1os con Las Leonas, 1 Rally Dakar en moto como fot\u00f3grafo&nbsp;oficial y fot\u00f3grafo&nbsp;personal de Ministros en sus Gestiones de Gobierno.<\/li>\n\n\n\n<li>Productor de libros de fotograf\u00eda corporativa.<\/li>\n\n\n\n<li>Organizador de viajes\/experiencias privada y corporativas. Ya llevo 3 viajes navegando a la Ant\u00e1rtida y muchas aventuras m\u00e1s. Recorr\u00ed las profundidades de la Argentina y de muchos pa\u00edses del mundo retratando el poderoso v\u00ednculo entre las personas y la Naturaleza.<\/li>\n<\/ul>\n<\/div>\n<\/div>\n\n\n\n<blockquote class=\"wp-block-quote is-layout-flow wp-block-quote-is-layout-flow\">\n<p><em>\u00abCon pap\u00e1 nos mont\u00e1bamos a \u00abLobo\u00bb y jug\u00e1bamos a ser Granaderos de San Martin\u00bb.<\/em><\/p>\n<\/blockquote>\n\n\n\n<p>Tengo formaci\u00f3n en Marketing y Comercio Internacional. He trabajado en el mundo corporativo durante 15 a\u00f1os en \u00e1reas de negocios y marketing. Sin embargo me di cuenta de que mi cable a tierra, la fotograf\u00eda, me generaba mas curiosidad que el mundo de las reuniones constantes.<\/p>\n\n\n\n<p>Mi gran desaf\u00edo&nbsp;fue dedicarme a transformar mi hobby en mi trabajo, sin dejar de disfrutarlo como un hobby.<\/p>\n\n\n\n<p>Creo que saber usar la parte cualitativa del tiempo sin dudas marca la diferencia.<\/p>\n\n\n\n<p>Para mi la vida es una enorme colecci\u00f3n de momentos y por eso intento congelar para siempre los mejores momentos que la vida me regala.<\/p>\n\n\n\n<p>Mi relaci\u00f3n con los caballos arranca de chico, cuando pas\u00e1bamos&nbsp;semanas con mis padres en un campo familiar en Tandil. Con pap\u00e1 nos mont\u00e1bamos a \u00abLobo\u00bb y jug\u00e1bamos a ser Granaderos de San Martin, enfrentando a los cardos de las sierras como si fueran \u00absoldados realistas\u00bb.<\/p>\n\n\n\n<p>Mi admiraci\u00f3n por los caballos sigue intacta al d\u00eda de hoy.<\/p>\n\n\n\n<p>Es por eso que estoy feliz de ser parte del equipo de CH\u00daCAROS, no s\u00f3lo por estar con animales todo el tiempo sino tambi\u00e9n por el enorme grupo humano que d\u00eda a d\u00eda cumple un rol fundamental para que todo funcione.<\/p>\n\n\n\n<div style=\"height:76px\" aria-hidden=\"true\" class=\"wp-block-spacer\"><\/div>\n\n\n\n<figure class=\"wp-block-gallery has-nested-images columns-default is-cropped wp-block-gallery-1 is-layout-flex wp-block-gallery-is-layout-flex\">\n<figure class=\"wp-block-image size-large\"><img loading=\"lazy\" decoding=\"async\" width=\"1024\" height=\"726\" data-id=\"566\" src=\"https:\/\/chucaros.com.ar\/c\/wp-content\/uploads\/2024\/06\/WhatsApp-Image-2024-04-13-at-18.19.59-2-1024x726.jpeg\" alt=\"\" class=\"wp-image-566\" srcset=\"https:\/\/chucaros.com.ar\/c\/wp-content\/uploads\/2024\/06\/WhatsApp-Image-2024-04-13-at-18.19.59-2-1024x726.jpeg 1024w, https:\/\/chucaros.com.ar\/c\/wp-content\/uploads\/2024\/06\/WhatsApp-Image-2024-04-13-at-18.19.59-2-300x213.jpeg 300w, https:\/\/chucaros.com.ar\/c\/wp-content\/uploads\/2024\/06\/WhatsApp-Image-2024-04-13-at-18.19.59-2-768x545.jpeg 768w, https:\/\/chucaros.com.ar\/c\/wp-content\/uploads\/2024\/06\/WhatsApp-Image-2024-04-13-at-18.19.59-2.jpeg 1280w\" sizes=\"auto, (max-width: 1024px) 100vw, 1024px\" \/><\/figure>\n\n\n\n<figure class=\"wp-block-image size-large\"><img loading=\"lazy\" decoding=\"async\" width=\"1024\" height=\"717\" data-id=\"572\" src=\"https:\/\/chucaros.com.ar\/c\/wp-content\/uploads\/2024\/06\/V3C0054-1024x717.jpg\" alt=\"\" class=\"wp-image-572\" srcset=\"https:\/\/chucaros.com.ar\/c\/wp-content\/uploads\/2024\/06\/V3C0054-1024x717.jpg 1024w, https:\/\/chucaros.com.ar\/c\/wp-content\/uploads\/2024\/06\/V3C0054-300x210.jpg 300w, https:\/\/chucaros.com.ar\/c\/wp-content\/uploads\/2024\/06\/V3C0054-768x537.jpg 768w, https:\/\/chucaros.com.ar\/c\/wp-content\/uploads\/2024\/06\/V3C0054-1536x1075.jpg 1536w, https:\/\/chucaros.com.ar\/c\/wp-content\/uploads\/2024\/06\/V3C0054-2048x1433.jpg 2048w\" sizes=\"auto, (max-width: 1024px) 100vw, 1024px\" \/><\/figure>\n\n\n\n<figure class=\"wp-block-image size-large\"><img loading=\"lazy\" decoding=\"async\" width=\"1024\" height=\"730\" data-id=\"571\" src=\"https:\/\/chucaros.com.ar\/c\/wp-content\/uploads\/2024\/06\/V3C0115-1024x730.jpg\" alt=\"\" class=\"wp-image-571\" srcset=\"https:\/\/chucaros.com.ar\/c\/wp-content\/uploads\/2024\/06\/V3C0115-1024x730.jpg 1024w, https:\/\/chucaros.com.ar\/c\/wp-content\/uploads\/2024\/06\/V3C0115-300x214.jpg 300w, https:\/\/chucaros.com.ar\/c\/wp-content\/uploads\/2024\/06\/V3C0115-768x547.jpg 768w, https:\/\/chucaros.com.ar\/c\/wp-content\/uploads\/2024\/06\/V3C0115-1536x1095.jpg 1536w, https:\/\/chucaros.com.ar\/c\/wp-content\/uploads\/2024\/06\/V3C0115-2048x1460.jpg 2048w\" sizes=\"auto, (max-width: 1024px) 100vw, 1024px\" \/><\/figure>\n\n\n\n<figure class=\"wp-block-image size-large\"><img loading=\"lazy\" decoding=\"async\" width=\"1024\" height=\"732\" data-id=\"573\" src=\"https:\/\/chucaros.com.ar\/c\/wp-content\/uploads\/2024\/06\/V3C0393-1024x732.jpg\" alt=\"\" class=\"wp-image-573\" srcset=\"https:\/\/chucaros.com.ar\/c\/wp-content\/uploads\/2024\/06\/V3C0393-1024x732.jpg 1024w, https:\/\/chucaros.com.ar\/c\/wp-content\/uploads\/2024\/06\/V3C0393-300x214.jpg 300w, https:\/\/chucaros.com.ar\/c\/wp-content\/uploads\/2024\/06\/V3C0393-768x549.jpg 768w, https:\/\/chucaros.com.ar\/c\/wp-content\/uploads\/2024\/06\/V3C0393-1536x1098.jpg 1536w, https:\/\/chucaros.com.ar\/c\/wp-content\/uploads\/2024\/06\/V3C0393-2048x1463.jpg 2048w\" sizes=\"auto, (max-width: 1024px) 100vw, 1024px\" \/><\/figure>\n\n\n\n<figure class=\"wp-block-image size-large\"><img loading=\"lazy\" decoding=\"async\" width=\"1024\" height=\"764\" data-id=\"569\" src=\"https:\/\/chucaros.com.ar\/c\/wp-content\/uploads\/2024\/06\/V3C0487-1024x764.jpg\" alt=\"\" class=\"wp-image-569\" srcset=\"https:\/\/chucaros.com.ar\/c\/wp-content\/uploads\/2024\/06\/V3C0487-1024x764.jpg 1024w, https:\/\/chucaros.com.ar\/c\/wp-content\/uploads\/2024\/06\/V3C0487-300x224.jpg 300w, https:\/\/chucaros.com.ar\/c\/wp-content\/uploads\/2024\/06\/V3C0487-768x573.jpg 768w, https:\/\/chucaros.com.ar\/c\/wp-content\/uploads\/2024\/06\/V3C0487-1536x1146.jpg 1536w, https:\/\/chucaros.com.ar\/c\/wp-content\/uploads\/2024\/06\/V3C0487-2048x1528.jpg 2048w\" sizes=\"auto, (max-width: 1024px) 100vw, 1024px\" \/><\/figure>\n\n\n\n<figure class=\"wp-block-image size-large\"><img loading=\"lazy\" decoding=\"async\" width=\"1024\" height=\"762\" data-id=\"570\" src=\"https:\/\/chucaros.com.ar\/c\/wp-content\/uploads\/2024\/06\/V3C0576-1024x762.jpg\" alt=\"\" class=\"wp-image-570\" srcset=\"https:\/\/chucaros.com.ar\/c\/wp-content\/uploads\/2024\/06\/V3C0576-1024x762.jpg 1024w, https:\/\/chucaros.com.ar\/c\/wp-content\/uploads\/2024\/06\/V3C0576-300x223.jpg 300w, https:\/\/chucaros.com.ar\/c\/wp-content\/uploads\/2024\/06\/V3C0576-768x571.jpg 768w, https:\/\/chucaros.com.ar\/c\/wp-content\/uploads\/2024\/06\/V3C0576-1536x1143.jpg 1536w, https:\/\/chucaros.com.ar\/c\/wp-content\/uploads\/2024\/06\/V3C0576-2048x1524.jpg 2048w\" sizes=\"auto, (max-width: 1024px) 100vw, 1024px\" \/><\/figure>\n\n\n\n<figure class=\"wp-block-image size-large\"><img loading=\"lazy\" decoding=\"async\" width=\"1024\" height=\"683\" data-id=\"574\" src=\"https:\/\/chucaros.com.ar\/c\/wp-content\/uploads\/2024\/06\/V3C0580-1024x683.jpg\" alt=\"\" class=\"wp-image-574\" srcset=\"https:\/\/chucaros.com.ar\/c\/wp-content\/uploads\/2024\/06\/V3C0580-1024x683.jpg 1024w, https:\/\/chucaros.com.ar\/c\/wp-content\/uploads\/2024\/06\/V3C0580-300x200.jpg 300w, https:\/\/chucaros.com.ar\/c\/wp-content\/uploads\/2024\/06\/V3C0580-768x512.jpg 768w, https:\/\/chucaros.com.ar\/c\/wp-content\/uploads\/2024\/06\/V3C0580-1536x1024.jpg 1536w, https:\/\/chucaros.com.ar\/c\/wp-content\/uploads\/2024\/06\/V3C0580-2048x1365.jpg 2048w\" sizes=\"auto, (max-width: 1024px) 100vw, 1024px\" \/><\/figure>\n\n\n\n<figure class=\"wp-block-image size-large\"><img loading=\"lazy\" decoding=\"async\" width=\"1024\" height=\"732\" data-id=\"575\" src=\"https:\/\/chucaros.com.ar\/c\/wp-content\/uploads\/2024\/06\/V3C0596-1024x732.jpg\" alt=\"\" class=\"wp-image-575\" srcset=\"https:\/\/chucaros.com.ar\/c\/wp-content\/uploads\/2024\/06\/V3C0596-1024x732.jpg 1024w, https:\/\/chucaros.com.ar\/c\/wp-content\/uploads\/2024\/06\/V3C0596-300x214.jpg 300w, https:\/\/chucaros.com.ar\/c\/wp-content\/uploads\/2024\/06\/V3C0596-768x549.jpg 768w, https:\/\/chucaros.com.ar\/c\/wp-content\/uploads\/2024\/06\/V3C0596-1536x1098.jpg 1536w, https:\/\/chucaros.com.ar\/c\/wp-content\/uploads\/2024\/06\/V3C0596-2048x1464.jpg 2048w\" sizes=\"auto, (max-width: 1024px) 100vw, 1024px\" \/><\/figure>\n\n\n\n<figure class=\"wp-block-image size-large\"><img loading=\"lazy\" decoding=\"async\" width=\"1024\" height=\"683\" data-id=\"576\" src=\"https:\/\/chucaros.com.ar\/c\/wp-content\/uploads\/2024\/06\/DSCF0053-1024x683.jpg\" alt=\"\" class=\"wp-image-576\" srcset=\"https:\/\/chucaros.com.ar\/c\/wp-content\/uploads\/2024\/06\/DSCF0053-1024x683.jpg 1024w, https:\/\/chucaros.com.ar\/c\/wp-content\/uploads\/2024\/06\/DSCF0053-300x200.jpg 300w, https:\/\/chucaros.com.ar\/c\/wp-content\/uploads\/2024\/06\/DSCF0053-768x512.jpg 768w, https:\/\/chucaros.com.ar\/c\/wp-content\/uploads\/2024\/06\/DSCF0053-1536x1024.jpg 1536w, https:\/\/chucaros.com.ar\/c\/wp-content\/uploads\/2024\/06\/DSCF0053-2048x1365.jpg 2048w\" sizes=\"auto, (max-width: 1024px) 100vw, 1024px\" \/><\/figure>\n\n\n\n<figure class=\"wp-block-image size-large\"><img loading=\"lazy\" decoding=\"async\" width=\"1024\" height=\"761\" data-id=\"577\" src=\"https:\/\/chucaros.com.ar\/c\/wp-content\/uploads\/2024\/06\/DSCF9979-1024x761.jpg\" alt=\"\" class=\"wp-image-577\" srcset=\"https:\/\/chucaros.com.ar\/c\/wp-content\/uploads\/2024\/06\/DSCF9979-1024x761.jpg 1024w, https:\/\/chucaros.com.ar\/c\/wp-content\/uploads\/2024\/06\/DSCF9979-300x223.jpg 300w, https:\/\/chucaros.com.ar\/c\/wp-content\/uploads\/2024\/06\/DSCF9979-768x571.jpg 768w, https:\/\/chucaros.com.ar\/c\/wp-content\/uploads\/2024\/06\/DSCF9979-1536x1141.jpg 1536w, https:\/\/chucaros.com.ar\/c\/wp-content\/uploads\/2024\/06\/DSCF9979-2048x1522.jpg 2048w\" sizes=\"auto, (max-width: 1024px) 100vw, 1024px\" \/><\/figure>\n\n\n\n<figure class=\"wp-block-image size-large\"><img loading=\"lazy\" decoding=\"async\" width=\"1024\" height=\"768\" data-id=\"579\" src=\"https:\/\/chucaros.com.ar\/c\/wp-content\/uploads\/2024\/06\/IMG_8321-1024x768.jpg\" alt=\"\" class=\"wp-image-579\" srcset=\"https:\/\/chucaros.com.ar\/c\/wp-content\/uploads\/2024\/06\/IMG_8321-1024x768.jpg 1024w, https:\/\/chucaros.com.ar\/c\/wp-content\/uploads\/2024\/06\/IMG_8321-300x225.jpg 300w, https:\/\/chucaros.com.ar\/c\/wp-content\/uploads\/2024\/06\/IMG_8321-768x576.jpg 768w, https:\/\/chucaros.com.ar\/c\/wp-content\/uploads\/2024\/06\/IMG_8321-1536x1152.jpg 1536w, https:\/\/chucaros.com.ar\/c\/wp-content\/uploads\/2024\/06\/IMG_8321-2048x1536.jpg 2048w\" sizes=\"auto, (max-width: 1024px) 100vw, 1024px\" \/><\/figure>\n\n\n\n<figure class=\"wp-block-image size-large\"><img loading=\"lazy\" decoding=\"async\" width=\"1024\" height=\"744\" data-id=\"578\" src=\"https:\/\/chucaros.com.ar\/c\/wp-content\/uploads\/2024\/06\/IMG_8450-1024x744.jpg\" alt=\"\" class=\"wp-image-578\" srcset=\"https:\/\/chucaros.com.ar\/c\/wp-content\/uploads\/2024\/06\/IMG_8450-1024x744.jpg 1024w, https:\/\/chucaros.com.ar\/c\/wp-content\/uploads\/2024\/06\/IMG_8450-300x218.jpg 300w, https:\/\/chucaros.com.ar\/c\/wp-content\/uploads\/2024\/06\/IMG_8450-768x558.jpg 768w, https:\/\/chucaros.com.ar\/c\/wp-content\/uploads\/2024\/06\/IMG_8450-1536x1116.jpg 1536w, https:\/\/chucaros.com.ar\/c\/wp-content\/uploads\/2024\/06\/IMG_8450-2048x1488.jpg 2048w\" sizes=\"auto, (max-width: 1024px) 100vw, 1024px\" \/><\/figure>\n\n\n\n<figure class=\"wp-block-image size-large\"><img loading=\"lazy\" decoding=\"async\" width=\"1024\" height=\"768\" data-id=\"580\" src=\"https:\/\/chucaros.com.ar\/c\/wp-content\/uploads\/2024\/06\/IMG_8463-1024x768.jpg\" alt=\"\" class=\"wp-image-580\" srcset=\"https:\/\/chucaros.com.ar\/c\/wp-content\/uploads\/2024\/06\/IMG_8463-1024x768.jpg 1024w, https:\/\/chucaros.com.ar\/c\/wp-content\/uploads\/2024\/06\/IMG_8463-300x225.jpg 300w, https:\/\/chucaros.com.ar\/c\/wp-content\/uploads\/2024\/06\/IMG_8463-768x576.jpg 768w, https:\/\/chucaros.com.ar\/c\/wp-content\/uploads\/2024\/06\/IMG_8463-1536x1152.jpg 1536w, https:\/\/chucaros.com.ar\/c\/wp-content\/uploads\/2024\/06\/IMG_8463-2048x1536.jpg 2048w\" sizes=\"auto, (max-width: 1024px) 100vw, 1024px\" \/><\/figure>\n<\/figure>\n","protected":false},"excerpt":{"rendered":"<p>RODRIGO VERGARA. Fot\u00f3grafo. \u00abCon pap\u00e1 nos mont\u00e1bamos a \u00abLobo\u00bb y jug\u00e1bamos a ser Granaderos de San Martin\u00bb. Tengo formaci\u00f3n en Marketing y Comercio Internacional. He trabajado en el mundo corporativo durante 15 a\u00f1os en \u00e1reas de negocios y marketing. Sin embargo me di cuenta de que mi cable a tierra, la fotograf\u00eda, me generaba mas &#8230; <a title=\"RODRIGO VERGARA.\" class=\"read-more\" href=\"https:\/\/chucaros.com.ar\/c\/rodrigo-vergara\/\" aria-label=\"Leer m\u00e1s sobre RODRIGO VERGARA.\">Leer m\u00e1s<\/a><\/p>\n","protected":false},"author":2,"featured_media":0,"parent":0,"menu_order":0,"comment_status":"closed","ping_status":"closed","template":"","meta":{"footnotes":""},"class_list":["post-238","page","type-page","status-publish"],"_links":{"self":[{"href":"https:\/\/chucaros.com.ar\/c\/wp-json\/wp\/v2\/pages\/238","targetHints":{"allow":["GET"]}}],"collection":[{"href":"https:\/\/chucaros.com.ar\/c\/wp-json\/wp\/v2\/pages"}],"about":[{"href":"https:\/\/chucaros.com.ar\/c\/wp-json\/wp\/v2\/types\/page"}],"author":[{"embeddable":true,"href":"https:\/\/chucaros.com.ar\/c\/wp-json\/wp\/v2\/users\/2"}],"replies":[{"embeddable":true,"href":"https:\/\/chucaros.com.ar\/c\/wp-json\/wp\/v2\/comments?post=238"}],"version-history":[{"count":5,"href":"https:\/\/chucaros.com.ar\/c\/wp-json\/wp\/v2\/pages\/238\/revisions"}],"predecessor-version":[{"id":582,"href":"https:\/\/chucaros.com.ar\/c\/wp-json\/wp\/v2\/pages\/238\/revisions\/582"}],"wp:attachment":[{"href":"https:\/\/chucaros.com.ar\/c\/wp-json\/wp\/v2\/media?parent=238"}],"curies":[{"name":"wp","href":"https:\/\/api.w.org\/{rel}","templated":true}]}}