{"id":235,"date":"2024-05-08T20:28:39","date_gmt":"2024-05-08T20:28:39","guid":{"rendered":"https:\/\/chucaros.com.ar\/c\/?page_id=235"},"modified":"2024-07-01T19:40:10","modified_gmt":"2024-07-01T19:40:10","slug":"esteban-minoyetti","status":"publish","type":"page","link":"https:\/\/chucaros.com.ar\/c\/esteban-minoyetti\/","title":{"rendered":"ESTEBAN MINOYETTI."},"content":{"rendered":"\n<h2 class=\"wp-block-heading\">ESTEBAN MINOYETTI.<\/h2>\n\n\n\n<h4 class=\"wp-block-heading\"><strong>Comunicaci\u00f3n.<\/strong><\/h4>\n\n\n\n<div class=\"wp-block-columns is-layout-flex wp-container-core-columns-is-layout-9d6595d7 wp-block-columns-is-layout-flex\">\n<div class=\"wp-block-column is-layout-flow wp-block-column-is-layout-flow\">\n<figure class=\"wp-block-image size-large\"><img loading=\"lazy\" decoding=\"async\" width=\"1024\" height=\"715\" src=\"https:\/\/chucaros.com.ar\/c\/wp-content\/uploads\/2024\/05\/DSCF1852-copia-1024x715.jpg\" alt=\"\" class=\"wp-image-236\" srcset=\"https:\/\/chucaros.com.ar\/c\/wp-content\/uploads\/2024\/05\/DSCF1852-copia-1024x715.jpg 1024w, https:\/\/chucaros.com.ar\/c\/wp-content\/uploads\/2024\/05\/DSCF1852-copia-300x210.jpg 300w, https:\/\/chucaros.com.ar\/c\/wp-content\/uploads\/2024\/05\/DSCF1852-copia-768x536.jpg 768w, https:\/\/chucaros.com.ar\/c\/wp-content\/uploads\/2024\/05\/DSCF1852-copia-1536x1073.jpg 1536w, https:\/\/chucaros.com.ar\/c\/wp-content\/uploads\/2024\/05\/DSCF1852-copia-2048x1430.jpg 2048w\" sizes=\"auto, (max-width: 1024px) 100vw, 1024px\" \/><\/figure>\n<\/div>\n\n\n\n<div class=\"wp-block-column is-vertically-aligned-center is-layout-flow wp-block-column-is-layout-flow\">\n<ul class=\"wp-block-list\">\n<li>Especialista en Identidad de Alta Performance.<\/li>\n\n\n\n<li>Coach de Directorios Corporativos, Equipos M\u00e9dicos y Equipos Deportivos Profesionales.<\/li>\n\n\n\n<li>Estratega y Director Creativo con m\u00e1s de 30 a\u00f1os de experiencia local y global en comunicaci\u00f3n para grandes marcas.<\/li>\n<\/ul>\n<\/div>\n<\/div>\n\n\n\n<blockquote class=\"wp-block-quote is-layout-flow wp-block-quote-is-layout-flow\">\n<p><em>\u00abLo que m\u00e1s me une a esta raza es esa carrera inevitable e infinita hacia los l\u00edmites del esp\u00edritu\u00bb.<\/em><\/p>\n<\/blockquote>\n\n\n\n<p>Mi verdadera formaci\u00f3n incluye haber sido 1 de 8 hermanos, a\u00f1os de rugby, haber hecho cumbre en el Aconcagua, mucha pesca con mosca, 10 a\u00f1os fuera de mi pa\u00eds y ser padre de un deportista profesional de 20 a\u00f1os, un artista de 17 y un par de mellizos de 18 meses.<\/p>\n\n\n\n<p>Creo que los productos, marcas y equipos no son m\u00e1s que cosas hechas por personas y para personas. Y que, por lo tanto, todos los problemas de un negocio suelen tener m\u00e1s que ver con lo humanos que con lo t\u00e9cnico.<\/p>\n\n\n\n<p>Por eso fund\u00e9 Drag\u00f3n, un estudio dedicado a asesorar marcas, l\u00edderes, equipos deportivos y mesas de directorio en la construcci\u00f3n de una identidad, basada en v\u00ednculos profundos que puedan elevar al m\u00e1ximo tanto su plenitud como su performance.<\/p>\n\n\n\n<p>Pas\u00e9 todos mis febreros, vacaciones de invierno y fines de semana largos en el Haras Los Robles, muy cerca de Mar del Plata. Crec\u00ed sobre el lomo de un caballo, rodeado de padrillos, madres y potrillos SPC. Me unen al caballo muchas aventuras e historias de amistad. Pero creo que lo que m\u00e1s me une a esta raza es esa carrera inevitable e infinita hacia los l\u00edmites del esp\u00edritu.<\/p>\n\n\n\n<p>CH\u00daCAROS me permite unir mi pasado m\u00e1s puro con todo lo que quiero aportar en mi futuro.<\/p>\n","protected":false},"excerpt":{"rendered":"<p>ESTEBAN MINOYETTI. Comunicaci\u00f3n. \u00abLo que m\u00e1s me une a esta raza es esa carrera inevitable e infinita hacia los l\u00edmites del esp\u00edritu\u00bb. Mi verdadera formaci\u00f3n incluye haber sido 1 de 8 hermanos, a\u00f1os de rugby, haber hecho cumbre en el Aconcagua, mucha pesca con mosca, 10 a\u00f1os fuera de mi pa\u00eds y ser padre de &#8230; <a title=\"ESTEBAN MINOYETTI.\" class=\"read-more\" href=\"https:\/\/chucaros.com.ar\/c\/esteban-minoyetti\/\" aria-label=\"Leer m\u00e1s sobre ESTEBAN MINOYETTI.\">Leer m\u00e1s<\/a><\/p>\n","protected":false},"author":2,"featured_media":0,"parent":0,"menu_order":0,"comment_status":"closed","ping_status":"closed","template":"","meta":{"footnotes":""},"class_list":["post-235","page","type-page","status-publish"],"_links":{"self":[{"href":"https:\/\/chucaros.com.ar\/c\/wp-json\/wp\/v2\/pages\/235","targetHints":{"allow":["GET"]}}],"collection":[{"href":"https:\/\/chucaros.com.ar\/c\/wp-json\/wp\/v2\/pages"}],"about":[{"href":"https:\/\/chucaros.com.ar\/c\/wp-json\/wp\/v2\/types\/page"}],"author":[{"embeddable":true,"href":"https:\/\/chucaros.com.ar\/c\/wp-json\/wp\/v2\/users\/2"}],"replies":[{"embeddable":true,"href":"https:\/\/chucaros.com.ar\/c\/wp-json\/wp\/v2\/comments?post=235"}],"version-history":[{"count":3,"href":"https:\/\/chucaros.com.ar\/c\/wp-json\/wp\/v2\/pages\/235\/revisions"}],"predecessor-version":[{"id":664,"href":"https:\/\/chucaros.com.ar\/c\/wp-json\/wp\/v2\/pages\/235\/revisions\/664"}],"wp:attachment":[{"href":"https:\/\/chucaros.com.ar\/c\/wp-json\/wp\/v2\/media?parent=235"}],"curies":[{"name":"wp","href":"https:\/\/api.w.org\/{rel}","templated":true}]}}