{"id":233,"date":"2024-05-08T20:24:26","date_gmt":"2024-05-08T20:24:26","guid":{"rendered":"https:\/\/chucaros.com.ar\/c\/?page_id=233"},"modified":"2024-07-01T19:45:01","modified_gmt":"2024-07-01T19:45:01","slug":"juanga-amicone","status":"publish","type":"page","link":"https:\/\/chucaros.com.ar\/c\/juanga-amicone\/","title":{"rendered":"JUANGA AMICONE."},"content":{"rendered":"\n<h2 class=\"wp-block-heading\">JUANGA AMICONE.<\/h2>\n\n\n\n<h4 class=\"wp-block-heading\"><strong>Analista de datos y estad\u00edstica.<\/strong><\/h4>\n\n\n\n<div class=\"wp-block-columns is-layout-flex wp-container-core-columns-is-layout-9d6595d7 wp-block-columns-is-layout-flex\">\n<div class=\"wp-block-column is-layout-flow wp-block-column-is-layout-flow\">\n<figure class=\"wp-block-image size-full\"><img loading=\"lazy\" decoding=\"async\" width=\"876\" height=\"657\" src=\"https:\/\/chucaros.com.ar\/c\/wp-content\/uploads\/2024\/06\/MAX-JUAN-AMICONE-topaz-enhance-4x-faceai-1-edited.jpg\" alt=\"\" class=\"wp-image-554\" srcset=\"https:\/\/chucaros.com.ar\/c\/wp-content\/uploads\/2024\/06\/MAX-JUAN-AMICONE-topaz-enhance-4x-faceai-1-edited.jpg 876w, https:\/\/chucaros.com.ar\/c\/wp-content\/uploads\/2024\/06\/MAX-JUAN-AMICONE-topaz-enhance-4x-faceai-1-edited-300x225.jpg 300w, https:\/\/chucaros.com.ar\/c\/wp-content\/uploads\/2024\/06\/MAX-JUAN-AMICONE-topaz-enhance-4x-faceai-1-edited-768x576.jpg 768w\" sizes=\"auto, (max-width: 876px) 100vw, 876px\" \/><\/figure>\n<\/div>\n\n\n\n<div class=\"wp-block-column is-layout-flow wp-block-column-is-layout-flow\">\n<figure class=\"wp-block-gallery has-nested-images columns-default is-cropped wp-block-gallery-1 is-layout-flex wp-block-gallery-is-layout-flex\">\n<figure class=\"wp-block-image size-large\"><img loading=\"lazy\" decoding=\"async\" width=\"1024\" height=\"768\" data-id=\"553\" src=\"https:\/\/chucaros.com.ar\/c\/wp-content\/uploads\/2024\/06\/IMG_8819-3-1024x768.jpg\" alt=\"\" class=\"wp-image-553\" srcset=\"https:\/\/chucaros.com.ar\/c\/wp-content\/uploads\/2024\/06\/IMG_8819-3-1024x768.jpg 1024w, https:\/\/chucaros.com.ar\/c\/wp-content\/uploads\/2024\/06\/IMG_8819-3-300x225.jpg 300w, https:\/\/chucaros.com.ar\/c\/wp-content\/uploads\/2024\/06\/IMG_8819-3-768x576.jpg 768w, https:\/\/chucaros.com.ar\/c\/wp-content\/uploads\/2024\/06\/IMG_8819-3-1536x1152.jpg 1536w, https:\/\/chucaros.com.ar\/c\/wp-content\/uploads\/2024\/06\/IMG_8819-3-2048x1536.jpg 2048w\" sizes=\"auto, (max-width: 1024px) 100vw, 1024px\" \/><\/figure>\n<\/figure>\n<\/div>\n<\/div>\n\n\n\n<div class=\"wp-block-columns is-layout-flex wp-container-core-columns-is-layout-9d6595d7 wp-block-columns-is-layout-flex\">\n<div class=\"wp-block-column is-layout-flow wp-block-column-is-layout-flow\">\n<figure class=\"wp-block-image size-large\"><img loading=\"lazy\" decoding=\"async\" width=\"2560\" height=\"1706\" src=\"https:\/\/chucaros.com.ar\/c\/wp-content\/uploads\/2024\/06\/V3C0293-edited-scaled.jpg\" alt=\"\" class=\"wp-image-556\" srcset=\"https:\/\/chucaros.com.ar\/c\/wp-content\/uploads\/2024\/06\/V3C0293-edited-scaled.jpg 2560w, https:\/\/chucaros.com.ar\/c\/wp-content\/uploads\/2024\/06\/V3C0293-edited-300x200.jpg 300w, https:\/\/chucaros.com.ar\/c\/wp-content\/uploads\/2024\/06\/V3C0293-edited-1024x683.jpg 1024w, https:\/\/chucaros.com.ar\/c\/wp-content\/uploads\/2024\/06\/V3C0293-edited-768x512.jpg 768w, https:\/\/chucaros.com.ar\/c\/wp-content\/uploads\/2024\/06\/V3C0293-edited-1536x1024.jpg 1536w, https:\/\/chucaros.com.ar\/c\/wp-content\/uploads\/2024\/06\/V3C0293-edited-2048x1365.jpg 2048w\" sizes=\"auto, (max-width: 2560px) 100vw, 2560px\" \/><\/figure>\n<\/div>\n\n\n\n<div class=\"wp-block-column is-vertically-aligned-center is-layout-flow wp-block-column-is-layout-flow\">\n<ul class=\"wp-block-list\">\n<li>Profesor de Educaci\u00f3n F\u00edsica.<\/li>\n\n\n\n<li>An\u00e1lisis de rendimiento del 1er Equipo del Club Atl\u00e9tico V\u00e9lez Sarsfield.<\/li>\n\n\n\n<li>Coordinador del \u00e1rea de bioestad\u00edstica del F\u00fatbol Formativo del Club Atl\u00e9tico River Plate.<\/li>\n\n\n\n<li>Cofundador de Deportec, empresa de tecnolog\u00eda aplicada al deporte.<\/li>\n<\/ul>\n<\/div>\n<\/div>\n\n\n\n<blockquote class=\"wp-block-quote is-layout-flow wp-block-quote-is-layout-flow\">\n<p><em>\u00abComenzar a trabajar con una nueva especie de atletas, desconocidos para mi, me asegura mucho aprendizaje\u00bb.<\/em><\/p>\n<\/blockquote>\n\n\n\n<p>Lo que m\u00e1s me motiva es comprender al individuo desde su totalidad. Abarcar con intensidad aristas como la salud, la nutrici\u00f3n y el desarrollo f\u00edsico es la mejor manera de poder optimizar el rendimiento y el bienestar del atleta al mismo tiempo.<\/p>\n\n\n\n<p>Lo cierto es que no tengo mucha historia vivida con los caballos. Y, de alguna manera, eso es lo que m\u00e1s me gust\u00f3 de este desaf\u00edo. Comenzar a trabajar con una nueva especie de atletas, desconocidos para mi, me asegura mucho aprendizaje y la posibilidad de aportar mi formaci\u00f3n a esta nueva disciplina deportiva.<\/p>\n\n\n\n<p><\/p>\n","protected":false},"excerpt":{"rendered":"<p>JUANGA AMICONE. Analista de datos y estad\u00edstica. \u00abComenzar a trabajar con una nueva especie de atletas, desconocidos para mi, me asegura mucho aprendizaje\u00bb. Lo que m\u00e1s me motiva es comprender al individuo desde su totalidad. Abarcar con intensidad aristas como la salud, la nutrici\u00f3n y el desarrollo f\u00edsico es la mejor manera de poder optimizar &#8230; <a title=\"JUANGA AMICONE.\" class=\"read-more\" href=\"https:\/\/chucaros.com.ar\/c\/juanga-amicone\/\" aria-label=\"Leer m\u00e1s sobre JUANGA AMICONE.\">Leer m\u00e1s<\/a><\/p>\n","protected":false},"author":2,"featured_media":0,"parent":0,"menu_order":0,"comment_status":"closed","ping_status":"closed","template":"","meta":{"footnotes":""},"class_list":["post-233","page","type-page","status-publish"],"_links":{"self":[{"href":"https:\/\/chucaros.com.ar\/c\/wp-json\/wp\/v2\/pages\/233","targetHints":{"allow":["GET"]}}],"collection":[{"href":"https:\/\/chucaros.com.ar\/c\/wp-json\/wp\/v2\/pages"}],"about":[{"href":"https:\/\/chucaros.com.ar\/c\/wp-json\/wp\/v2\/types\/page"}],"author":[{"embeddable":true,"href":"https:\/\/chucaros.com.ar\/c\/wp-json\/wp\/v2\/users\/2"}],"replies":[{"embeddable":true,"href":"https:\/\/chucaros.com.ar\/c\/wp-json\/wp\/v2\/comments?post=233"}],"version-history":[{"count":8,"href":"https:\/\/chucaros.com.ar\/c\/wp-json\/wp\/v2\/pages\/233\/revisions"}],"predecessor-version":[{"id":557,"href":"https:\/\/chucaros.com.ar\/c\/wp-json\/wp\/v2\/pages\/233\/revisions\/557"}],"wp:attachment":[{"href":"https:\/\/chucaros.com.ar\/c\/wp-json\/wp\/v2\/media?parent=233"}],"curies":[{"name":"wp","href":"https:\/\/api.w.org\/{rel}","templated":true}]}}