{"id":227,"date":"2024-05-08T20:18:33","date_gmt":"2024-05-08T20:18:33","guid":{"rendered":"https:\/\/chucaros.com.ar\/c\/?page_id=227"},"modified":"2024-07-01T19:55:29","modified_gmt":"2024-07-01T19:55:29","slug":"azul-ballester","status":"publish","type":"page","link":"https:\/\/chucaros.com.ar\/c\/azul-ballester\/","title":{"rendered":"AZUL BALLESTER."},"content":{"rendered":"\n<h2 class=\"wp-block-heading\">AZUL BALLESTER.<\/h2>\n\n\n\n<h4 class=\"wp-block-heading\"><strong>M\u00e9dica veterinaria.<\/strong><\/h4>\n\n\n\n<div class=\"wp-block-columns is-layout-flex wp-container-core-columns-is-layout-9d6595d7 wp-block-columns-is-layout-flex\">\n<div class=\"wp-block-column is-layout-flow wp-block-column-is-layout-flow\">\n<figure class=\"wp-block-image size-large\"><img loading=\"lazy\" decoding=\"async\" width=\"1600\" height=\"1067\" src=\"https:\/\/chucaros.com.ar\/c\/wp-content\/uploads\/2024\/05\/WhatsApp-Image-2023-12-28-at-12.28.44-edited.jpeg\" alt=\"\" class=\"wp-image-310\" srcset=\"https:\/\/chucaros.com.ar\/c\/wp-content\/uploads\/2024\/05\/WhatsApp-Image-2023-12-28-at-12.28.44-edited.jpeg 1600w, https:\/\/chucaros.com.ar\/c\/wp-content\/uploads\/2024\/05\/WhatsApp-Image-2023-12-28-at-12.28.44-edited-300x200.jpeg 300w, https:\/\/chucaros.com.ar\/c\/wp-content\/uploads\/2024\/05\/WhatsApp-Image-2023-12-28-at-12.28.44-edited-1024x683.jpeg 1024w, https:\/\/chucaros.com.ar\/c\/wp-content\/uploads\/2024\/05\/WhatsApp-Image-2023-12-28-at-12.28.44-edited-768x512.jpeg 768w, https:\/\/chucaros.com.ar\/c\/wp-content\/uploads\/2024\/05\/WhatsApp-Image-2023-12-28-at-12.28.44-edited-1536x1024.jpeg 1536w\" sizes=\"auto, (max-width: 1600px) 100vw, 1600px\" \/><\/figure>\n<\/div>\n\n\n\n<div class=\"wp-block-column is-layout-flow wp-block-column-is-layout-flow\">\n<figure class=\"wp-block-image size-large is-resized\"><img loading=\"lazy\" decoding=\"async\" width=\"2560\" height=\"1707\" src=\"https:\/\/chucaros.com.ar\/c\/wp-content\/uploads\/2024\/05\/IMG_8717-edited-scaled.jpg\" alt=\"\" class=\"wp-image-309\" style=\"width:540px;height:auto\" srcset=\"https:\/\/chucaros.com.ar\/c\/wp-content\/uploads\/2024\/05\/IMG_8717-edited-scaled.jpg 2560w, https:\/\/chucaros.com.ar\/c\/wp-content\/uploads\/2024\/05\/IMG_8717-edited-300x200.jpg 300w, https:\/\/chucaros.com.ar\/c\/wp-content\/uploads\/2024\/05\/IMG_8717-edited-1024x683.jpg 1024w, https:\/\/chucaros.com.ar\/c\/wp-content\/uploads\/2024\/05\/IMG_8717-edited-768x512.jpg 768w, https:\/\/chucaros.com.ar\/c\/wp-content\/uploads\/2024\/05\/IMG_8717-edited-1536x1024.jpg 1536w, https:\/\/chucaros.com.ar\/c\/wp-content\/uploads\/2024\/05\/IMG_8717-edited-2048x1365.jpg 2048w\" sizes=\"auto, (max-width: 2560px) 100vw, 2560px\" \/><\/figure>\n<\/div>\n<\/div>\n\n\n\n<div class=\"wp-block-columns is-layout-flex wp-container-core-columns-is-layout-9d6595d7 wp-block-columns-is-layout-flex\">\n<div class=\"wp-block-column is-layout-flow wp-block-column-is-layout-flow\">\n<figure class=\"wp-block-image size-large\"><img loading=\"lazy\" decoding=\"async\" width=\"1024\" height=\"719\" src=\"https:\/\/chucaros.com.ar\/c\/wp-content\/uploads\/2024\/05\/DSCF9734-1024x719.jpg\" alt=\"\" class=\"wp-image-307\" srcset=\"https:\/\/chucaros.com.ar\/c\/wp-content\/uploads\/2024\/05\/DSCF9734-1024x719.jpg 1024w, https:\/\/chucaros.com.ar\/c\/wp-content\/uploads\/2024\/05\/DSCF9734-300x210.jpg 300w, https:\/\/chucaros.com.ar\/c\/wp-content\/uploads\/2024\/05\/DSCF9734-768x539.jpg 768w, https:\/\/chucaros.com.ar\/c\/wp-content\/uploads\/2024\/05\/DSCF9734-1536x1078.jpg 1536w, https:\/\/chucaros.com.ar\/c\/wp-content\/uploads\/2024\/05\/DSCF9734-2048x1437.jpg 2048w\" sizes=\"auto, (max-width: 1024px) 100vw, 1024px\" \/><\/figure>\n<\/div>\n\n\n\n<div class=\"wp-block-column is-layout-flow wp-block-column-is-layout-flow\">\n<figure class=\"wp-block-image size-large\"><img loading=\"lazy\" decoding=\"async\" width=\"1024\" height=\"730\" src=\"https:\/\/chucaros.com.ar\/c\/wp-content\/uploads\/2024\/05\/beso-1024x730.jpg\" alt=\"\" class=\"wp-image-306\" srcset=\"https:\/\/chucaros.com.ar\/c\/wp-content\/uploads\/2024\/05\/beso-1024x730.jpg 1024w, https:\/\/chucaros.com.ar\/c\/wp-content\/uploads\/2024\/05\/beso-300x214.jpg 300w, https:\/\/chucaros.com.ar\/c\/wp-content\/uploads\/2024\/05\/beso-768x547.jpg 768w, https:\/\/chucaros.com.ar\/c\/wp-content\/uploads\/2024\/05\/beso-1536x1095.jpg 1536w, https:\/\/chucaros.com.ar\/c\/wp-content\/uploads\/2024\/05\/beso-2048x1460.jpg 2048w\" sizes=\"auto, (max-width: 1024px) 100vw, 1024px\" \/><\/figure>\n<\/div>\n<\/div>\n\n\n\n<blockquote class=\"wp-block-quote is-layout-flow wp-block-quote-is-layout-flow\">\n<p><em>\u00abSiempre tuve afinidad con todos los animales pero en cuanto conoc\u00ed al caballo me pareci\u00f3 el animal m\u00e1s incre\u00edble de la tierra\u00bb.<\/em><\/p>\n<\/blockquote>\n\n\n\n<p>Soy veterinaria, amo los caballos y aspiro a seguir form\u00e1ndome todos los d\u00edas para poder aportar cada vez m\u00e1s desde esta profesi\u00f3n que tanto me apasiona.<\/p>\n\n\n\n<p>Juego al hockey desde muy chica y el Club es como mi casa. All\u00ed disfruto con mis amigos y mi familia. Tambi\u00e9n hice equitaci\u00f3n toda mi vida y tengo un hijo de 3 a\u00f1os que tiene un pony y est\u00e1 aprendiendo a montar. Andar a caballo en el campo o en la pista es uno de mis mayores hobbies.<\/p>\n\n\n\n<p>Mi historia con los caballos arranc\u00f3 a los 3 a\u00f1os cuando mi abuela Tet\u00e9 me llevo a clases de equitaci\u00f3n. Siempre tuve afinidad con todos los animales pero en cuanto conoc\u00ed al caballo me pareci\u00f3 el animal m\u00e1s incre\u00edble de la tierra. Tan lindo, elegante, fuerte y fiel.<\/p>\n\n\n\n<p>Todos los veranos \u00edbamos a La Cumbrecita y hac\u00edamos cabalgatas de 10 horas por las sierras de C\u00f3rdoba.<\/p>\n\n\n\n<p>Siempre que puedo me escapo al campo a montar un rato para conectarme con estos animales tan incre\u00edbles.<\/p>\n\n\n\n<p>De chica supe que quer\u00eda trabajar con caballos y CH\u00daCAROS es ese deseo hecho realidad.<\/p>\n\n\n\n<div style=\"height:100px\" aria-hidden=\"true\" class=\"wp-block-spacer\"><\/div>\n\n\n\n<figure class=\"wp-block-gallery has-nested-images columns-default is-cropped wp-block-gallery-1 is-layout-flex wp-block-gallery-is-layout-flex\">\n<figure class=\"wp-block-image size-large\"><img loading=\"lazy\" decoding=\"async\" width=\"1024\" height=\"683\" data-id=\"504\" src=\"https:\/\/chucaros.com.ar\/c\/wp-content\/uploads\/2024\/06\/DSCF9838-1024x683.jpg\" alt=\"\" class=\"wp-image-504\" srcset=\"https:\/\/chucaros.com.ar\/c\/wp-content\/uploads\/2024\/06\/DSCF9838-1024x683.jpg 1024w, https:\/\/chucaros.com.ar\/c\/wp-content\/uploads\/2024\/06\/DSCF9838-300x200.jpg 300w, https:\/\/chucaros.com.ar\/c\/wp-content\/uploads\/2024\/06\/DSCF9838-768x512.jpg 768w, https:\/\/chucaros.com.ar\/c\/wp-content\/uploads\/2024\/06\/DSCF9838-1536x1024.jpg 1536w, https:\/\/chucaros.com.ar\/c\/wp-content\/uploads\/2024\/06\/DSCF9838-2048x1365.jpg 2048w\" sizes=\"auto, (max-width: 1024px) 100vw, 1024px\" \/><\/figure>\n\n\n\n<figure class=\"wp-block-image size-large\"><img loading=\"lazy\" decoding=\"async\" width=\"1024\" height=\"768\" data-id=\"505\" src=\"https:\/\/chucaros.com.ar\/c\/wp-content\/uploads\/2024\/06\/IMG_9534-1024x768.jpg\" alt=\"\" class=\"wp-image-505\" srcset=\"https:\/\/chucaros.com.ar\/c\/wp-content\/uploads\/2024\/06\/IMG_9534-1024x768.jpg 1024w, https:\/\/chucaros.com.ar\/c\/wp-content\/uploads\/2024\/06\/IMG_9534-300x225.jpg 300w, https:\/\/chucaros.com.ar\/c\/wp-content\/uploads\/2024\/06\/IMG_9534-768x576.jpg 768w, https:\/\/chucaros.com.ar\/c\/wp-content\/uploads\/2024\/06\/IMG_9534-1536x1152.jpg 1536w, https:\/\/chucaros.com.ar\/c\/wp-content\/uploads\/2024\/06\/IMG_9534-2048x1536.jpg 2048w\" sizes=\"auto, (max-width: 1024px) 100vw, 1024px\" \/><\/figure>\n\n\n\n<figure class=\"wp-block-image size-large\"><img loading=\"lazy\" decoding=\"async\" width=\"1024\" height=\"768\" data-id=\"507\" src=\"https:\/\/chucaros.com.ar\/c\/wp-content\/uploads\/2024\/06\/WhatsApp-Image-2023-07-19-at-10.39.06-1024x768.jpeg\" alt=\"\" class=\"wp-image-507\" srcset=\"https:\/\/chucaros.com.ar\/c\/wp-content\/uploads\/2024\/06\/WhatsApp-Image-2023-07-19-at-10.39.06-1024x768.jpeg 1024w, https:\/\/chucaros.com.ar\/c\/wp-content\/uploads\/2024\/06\/WhatsApp-Image-2023-07-19-at-10.39.06-300x225.jpeg 300w, https:\/\/chucaros.com.ar\/c\/wp-content\/uploads\/2024\/06\/WhatsApp-Image-2023-07-19-at-10.39.06-768x576.jpeg 768w, https:\/\/chucaros.com.ar\/c\/wp-content\/uploads\/2024\/06\/WhatsApp-Image-2023-07-19-at-10.39.06-1536x1152.jpeg 1536w, https:\/\/chucaros.com.ar\/c\/wp-content\/uploads\/2024\/06\/WhatsApp-Image-2023-07-19-at-10.39.06.jpeg 1600w\" sizes=\"auto, (max-width: 1024px) 100vw, 1024px\" \/><\/figure>\n\n\n\n<figure class=\"wp-block-image size-large\"><img loading=\"lazy\" decoding=\"async\" width=\"768\" height=\"1024\" data-id=\"508\" src=\"https:\/\/chucaros.com.ar\/c\/wp-content\/uploads\/2024\/06\/WhatsApp-Image-2023-07-27-at-16.18.05-4-768x1024.jpeg\" alt=\"\" class=\"wp-image-508\" srcset=\"https:\/\/chucaros.com.ar\/c\/wp-content\/uploads\/2024\/06\/WhatsApp-Image-2023-07-27-at-16.18.05-4-768x1024.jpeg 768w, https:\/\/chucaros.com.ar\/c\/wp-content\/uploads\/2024\/06\/WhatsApp-Image-2023-07-27-at-16.18.05-4-225x300.jpeg 225w, https:\/\/chucaros.com.ar\/c\/wp-content\/uploads\/2024\/06\/WhatsApp-Image-2023-07-27-at-16.18.05-4-1152x1536.jpeg 1152w, https:\/\/chucaros.com.ar\/c\/wp-content\/uploads\/2024\/06\/WhatsApp-Image-2023-07-27-at-16.18.05-4.jpeg 1200w\" sizes=\"auto, (max-width: 768px) 100vw, 768px\" \/><\/figure>\n\n\n\n<figure class=\"wp-block-image size-large\"><img loading=\"lazy\" decoding=\"async\" width=\"1024\" height=\"768\" data-id=\"512\" src=\"https:\/\/chucaros.com.ar\/c\/wp-content\/uploads\/2024\/06\/WhatsApp-Image-2024-01-13-at-14.06.20.jpeg\" alt=\"\" class=\"wp-image-512\" srcset=\"https:\/\/chucaros.com.ar\/c\/wp-content\/uploads\/2024\/06\/WhatsApp-Image-2024-01-13-at-14.06.20.jpeg 1024w, https:\/\/chucaros.com.ar\/c\/wp-content\/uploads\/2024\/06\/WhatsApp-Image-2024-01-13-at-14.06.20-300x225.jpeg 300w, https:\/\/chucaros.com.ar\/c\/wp-content\/uploads\/2024\/06\/WhatsApp-Image-2024-01-13-at-14.06.20-768x576.jpeg 768w\" sizes=\"auto, (max-width: 1024px) 100vw, 1024px\" \/><\/figure>\n\n\n\n<figure class=\"wp-block-image size-large\"><img loading=\"lazy\" decoding=\"async\" width=\"1024\" height=\"768\" data-id=\"513\" src=\"https:\/\/chucaros.com.ar\/c\/wp-content\/uploads\/2024\/06\/WhatsApp-Image-2024-01-15-at-18.55.15.jpeg\" alt=\"\" class=\"wp-image-513\" srcset=\"https:\/\/chucaros.com.ar\/c\/wp-content\/uploads\/2024\/06\/WhatsApp-Image-2024-01-15-at-18.55.15.jpeg 1024w, https:\/\/chucaros.com.ar\/c\/wp-content\/uploads\/2024\/06\/WhatsApp-Image-2024-01-15-at-18.55.15-300x225.jpeg 300w, https:\/\/chucaros.com.ar\/c\/wp-content\/uploads\/2024\/06\/WhatsApp-Image-2024-01-15-at-18.55.15-768x576.jpeg 768w\" sizes=\"auto, (max-width: 1024px) 100vw, 1024px\" \/><\/figure>\n\n\n\n<figure class=\"wp-block-image size-large\"><img loading=\"lazy\" decoding=\"async\" width=\"1024\" height=\"768\" data-id=\"514\" src=\"https:\/\/chucaros.com.ar\/c\/wp-content\/uploads\/2024\/06\/WhatsApp-Image-2024-03-23-at-09.45.05-1024x768.jpeg\" alt=\"\" class=\"wp-image-514\" srcset=\"https:\/\/chucaros.com.ar\/c\/wp-content\/uploads\/2024\/06\/WhatsApp-Image-2024-03-23-at-09.45.05-1024x768.jpeg 1024w, https:\/\/chucaros.com.ar\/c\/wp-content\/uploads\/2024\/06\/WhatsApp-Image-2024-03-23-at-09.45.05-300x225.jpeg 300w, https:\/\/chucaros.com.ar\/c\/wp-content\/uploads\/2024\/06\/WhatsApp-Image-2024-03-23-at-09.45.05-768x576.jpeg 768w, https:\/\/chucaros.com.ar\/c\/wp-content\/uploads\/2024\/06\/WhatsApp-Image-2024-03-23-at-09.45.05.jpeg 1280w\" sizes=\"auto, (max-width: 1024px) 100vw, 1024px\" \/><\/figure>\n<\/figure>\n","protected":false},"excerpt":{"rendered":"<p>AZUL BALLESTER. M\u00e9dica veterinaria. \u00abSiempre tuve afinidad con todos los animales pero en cuanto conoc\u00ed al caballo me pareci\u00f3 el animal m\u00e1s incre\u00edble de la tierra\u00bb. Soy veterinaria, amo los caballos y aspiro a seguir form\u00e1ndome todos los d\u00edas para poder aportar cada vez m\u00e1s desde esta profesi\u00f3n que tanto me apasiona. Juego al hockey &#8230; <a title=\"AZUL BALLESTER.\" class=\"read-more\" href=\"https:\/\/chucaros.com.ar\/c\/azul-ballester\/\" aria-label=\"Leer m\u00e1s sobre AZUL BALLESTER.\">Leer m\u00e1s<\/a><\/p>\n","protected":false},"author":2,"featured_media":0,"parent":0,"menu_order":0,"comment_status":"closed","ping_status":"closed","template":"","meta":{"footnotes":""},"class_list":["post-227","page","type-page","status-publish"],"_links":{"self":[{"href":"https:\/\/chucaros.com.ar\/c\/wp-json\/wp\/v2\/pages\/227","targetHints":{"allow":["GET"]}}],"collection":[{"href":"https:\/\/chucaros.com.ar\/c\/wp-json\/wp\/v2\/pages"}],"about":[{"href":"https:\/\/chucaros.com.ar\/c\/wp-json\/wp\/v2\/types\/page"}],"author":[{"embeddable":true,"href":"https:\/\/chucaros.com.ar\/c\/wp-json\/wp\/v2\/users\/2"}],"replies":[{"embeddable":true,"href":"https:\/\/chucaros.com.ar\/c\/wp-json\/wp\/v2\/comments?post=227"}],"version-history":[{"count":4,"href":"https:\/\/chucaros.com.ar\/c\/wp-json\/wp\/v2\/pages\/227\/revisions"}],"predecessor-version":[{"id":516,"href":"https:\/\/chucaros.com.ar\/c\/wp-json\/wp\/v2\/pages\/227\/revisions\/516"}],"wp:attachment":[{"href":"https:\/\/chucaros.com.ar\/c\/wp-json\/wp\/v2\/media?parent=227"}],"curies":[{"name":"wp","href":"https:\/\/api.w.org\/{rel}","templated":true}]}}