{"id":221,"date":"2024-05-08T20:10:23","date_gmt":"2024-05-08T20:10:23","guid":{"rendered":"https:\/\/chucaros.com.ar\/c\/?page_id=221"},"modified":"2024-06-25T19:52:44","modified_gmt":"2024-06-25T19:52:44","slug":"luis-alberto-sanchez","status":"publish","type":"page","link":"https:\/\/chucaros.com.ar\/c\/luis-alberto-sanchez\/","title":{"rendered":"LUIS ALBERTO SANCHEZ."},"content":{"rendered":"\n<h2 class=\"wp-block-heading\">LUIS ALBERTO SANCHEZ. <\/h2>\n\n\n\n<h4 class=\"wp-block-heading\"><strong>Entrenador de SPC desde 1992<\/strong><\/h4>\n\n\n\n<figure class=\"wp-block-gallery has-nested-images columns-default is-cropped wp-block-gallery-1 is-layout-flex wp-block-gallery-is-layout-flex\">\n<figure class=\"wp-block-image size-large\"><img loading=\"lazy\" decoding=\"async\" width=\"1024\" height=\"692\" data-id=\"366\" src=\"https:\/\/chucaros.com.ar\/c\/wp-content\/uploads\/2024\/06\/WhatsApp-Image-2023-12-28-at-12.28.39-1-1024x692.jpeg\" alt=\"\" class=\"wp-image-366\" srcset=\"https:\/\/chucaros.com.ar\/c\/wp-content\/uploads\/2024\/06\/WhatsApp-Image-2023-12-28-at-12.28.39-1-1024x692.jpeg 1024w, https:\/\/chucaros.com.ar\/c\/wp-content\/uploads\/2024\/06\/WhatsApp-Image-2023-12-28-at-12.28.39-1-300x203.jpeg 300w, https:\/\/chucaros.com.ar\/c\/wp-content\/uploads\/2024\/06\/WhatsApp-Image-2023-12-28-at-12.28.39-1-768x519.jpeg 768w, https:\/\/chucaros.com.ar\/c\/wp-content\/uploads\/2024\/06\/WhatsApp-Image-2023-12-28-at-12.28.39-1-1536x1039.jpeg 1536w, https:\/\/chucaros.com.ar\/c\/wp-content\/uploads\/2024\/06\/WhatsApp-Image-2023-12-28-at-12.28.39-1.jpeg 1600w\" sizes=\"auto, (max-width: 1024px) 100vw, 1024px\" \/><\/figure>\n\n\n\n<figure class=\"wp-block-image size-large\"><img loading=\"lazy\" decoding=\"async\" width=\"1024\" height=\"676\" data-id=\"369\" src=\"https:\/\/chucaros.com.ar\/c\/wp-content\/uploads\/2024\/06\/DSCF0014-1024x676.jpg\" alt=\"\" class=\"wp-image-369\" srcset=\"https:\/\/chucaros.com.ar\/c\/wp-content\/uploads\/2024\/06\/DSCF0014-1024x676.jpg 1024w, https:\/\/chucaros.com.ar\/c\/wp-content\/uploads\/2024\/06\/DSCF0014-300x198.jpg 300w, https:\/\/chucaros.com.ar\/c\/wp-content\/uploads\/2024\/06\/DSCF0014-768x507.jpg 768w, https:\/\/chucaros.com.ar\/c\/wp-content\/uploads\/2024\/06\/DSCF0014-1536x1014.jpg 1536w, https:\/\/chucaros.com.ar\/c\/wp-content\/uploads\/2024\/06\/DSCF0014-2048x1352.jpg 2048w\" sizes=\"auto, (max-width: 1024px) 100vw, 1024px\" \/><\/figure>\n<\/figure>\n\n\n\n<blockquote class=\"wp-block-quote is-layout-flow wp-block-quote-is-layout-flow\">\n<p><em>\u00abLa \u00fanica manera de mejorar la performance de un caballo de carrera es entendiendo su idioma\u00bb.<\/em><\/p>\n<\/blockquote>\n\n\n\n<p>Cuando uno habla de caballos SPC, el entrenamiento y el entendimiento son casi sin\u00f3nimos. Creo profundamente que la \u00fanica manera de mejorar la performance de un caballo de carrera es entendiendo su idioma, confiando en \u00e9l para que \u00e9l conf\u00ede en uno.<\/p>\n\n\n\n<p>Mi relaci\u00f3n con los caballos empez\u00f3 por el a\u00f1o 1990, por un problema familiar que nos llev\u00f3 a adquirir nuestro primer potrillo. Lo parad\u00f3jico es que, gracias a aquel problema, no he parado de disfrutar momentos incre\u00edbles junto a esta raza.<\/p>\n\n\n\n<p>CHUCAROS me da la el espacio profesional y el apoyo t\u00e9cnico para llevar esa conexi\u00f3n con el SPC a otro nivel.<\/p>\n\n\n\n<div style=\"height:78px\" aria-hidden=\"true\" class=\"wp-block-spacer\"><\/div>\n\n\n\n<figure class=\"wp-block-gallery has-nested-images columns-default is-cropped wp-block-gallery-2 is-layout-flex wp-block-gallery-is-layout-flex\">\n<figure class=\"wp-block-image size-large\"><img loading=\"lazy\" decoding=\"async\" width=\"1024\" height=\"768\" data-id=\"599\" src=\"https:\/\/chucaros.com.ar\/c\/wp-content\/uploads\/2024\/06\/PHOTO-2024-04-13-15-00-54-1-1024x768.jpg\" alt=\"\" class=\"wp-image-599\" srcset=\"https:\/\/chucaros.com.ar\/c\/wp-content\/uploads\/2024\/06\/PHOTO-2024-04-13-15-00-54-1-1024x768.jpg 1024w, https:\/\/chucaros.com.ar\/c\/wp-content\/uploads\/2024\/06\/PHOTO-2024-04-13-15-00-54-1-300x225.jpg 300w, https:\/\/chucaros.com.ar\/c\/wp-content\/uploads\/2024\/06\/PHOTO-2024-04-13-15-00-54-1-768x576.jpg 768w, https:\/\/chucaros.com.ar\/c\/wp-content\/uploads\/2024\/06\/PHOTO-2024-04-13-15-00-54-1.jpg 1280w\" sizes=\"auto, (max-width: 1024px) 100vw, 1024px\" \/><\/figure>\n\n\n\n<figure class=\"wp-block-image size-large\"><img loading=\"lazy\" decoding=\"async\" width=\"1024\" height=\"473\" data-id=\"597\" src=\"https:\/\/chucaros.com.ar\/c\/wp-content\/uploads\/2024\/06\/PHOTO-2024-04-13-15-01-24-2-1-1024x473.jpg\" alt=\"\" class=\"wp-image-597\" srcset=\"https:\/\/chucaros.com.ar\/c\/wp-content\/uploads\/2024\/06\/PHOTO-2024-04-13-15-01-24-2-1-1024x473.jpg 1024w, https:\/\/chucaros.com.ar\/c\/wp-content\/uploads\/2024\/06\/PHOTO-2024-04-13-15-01-24-2-1-300x139.jpg 300w, https:\/\/chucaros.com.ar\/c\/wp-content\/uploads\/2024\/06\/PHOTO-2024-04-13-15-01-24-2-1-768x355.jpg 768w, https:\/\/chucaros.com.ar\/c\/wp-content\/uploads\/2024\/06\/PHOTO-2024-04-13-15-01-24-2-1.jpg 1280w\" sizes=\"auto, (max-width: 1024px) 100vw, 1024px\" \/><\/figure>\n\n\n\n<figure class=\"wp-block-image size-large\"><img loading=\"lazy\" decoding=\"async\" width=\"1024\" height=\"720\" data-id=\"596\" src=\"https:\/\/chucaros.com.ar\/c\/wp-content\/uploads\/2024\/06\/WhatsApp-Image-2023-12-24-at-17.02.52-3.jpeg\" alt=\"\" class=\"wp-image-596\" srcset=\"https:\/\/chucaros.com.ar\/c\/wp-content\/uploads\/2024\/06\/WhatsApp-Image-2023-12-24-at-17.02.52-3.jpeg 1024w, https:\/\/chucaros.com.ar\/c\/wp-content\/uploads\/2024\/06\/WhatsApp-Image-2023-12-24-at-17.02.52-3-300x211.jpeg 300w, https:\/\/chucaros.com.ar\/c\/wp-content\/uploads\/2024\/06\/WhatsApp-Image-2023-12-24-at-17.02.52-3-768x540.jpeg 768w\" sizes=\"auto, (max-width: 1024px) 100vw, 1024px\" \/><\/figure>\n\n\n\n<figure class=\"wp-block-image size-large\"><img loading=\"lazy\" decoding=\"async\" width=\"1024\" height=\"746\" data-id=\"600\" src=\"https:\/\/chucaros.com.ar\/c\/wp-content\/uploads\/2024\/06\/WhatsApp-Image-2023-12-28-at-12.28.40-1-1024x746.jpeg\" alt=\"\" class=\"wp-image-600\" srcset=\"https:\/\/chucaros.com.ar\/c\/wp-content\/uploads\/2024\/06\/WhatsApp-Image-2023-12-28-at-12.28.40-1-1024x746.jpeg 1024w, https:\/\/chucaros.com.ar\/c\/wp-content\/uploads\/2024\/06\/WhatsApp-Image-2023-12-28-at-12.28.40-1-300x219.jpeg 300w, https:\/\/chucaros.com.ar\/c\/wp-content\/uploads\/2024\/06\/WhatsApp-Image-2023-12-28-at-12.28.40-1-768x560.jpeg 768w, https:\/\/chucaros.com.ar\/c\/wp-content\/uploads\/2024\/06\/WhatsApp-Image-2023-12-28-at-12.28.40-1-1536x1119.jpeg 1536w, https:\/\/chucaros.com.ar\/c\/wp-content\/uploads\/2024\/06\/WhatsApp-Image-2023-12-28-at-12.28.40-1.jpeg 1600w\" sizes=\"auto, (max-width: 1024px) 100vw, 1024px\" \/><\/figure>\n\n\n\n<figure class=\"wp-block-image size-large\"><img loading=\"lazy\" decoding=\"async\" width=\"1024\" height=\"683\" data-id=\"602\" src=\"https:\/\/chucaros.com.ar\/c\/wp-content\/uploads\/2024\/06\/WhatsApp-Image-2023-12-28-at-15.43.46-2-1.jpeg\" alt=\"\" class=\"wp-image-602\" srcset=\"https:\/\/chucaros.com.ar\/c\/wp-content\/uploads\/2024\/06\/WhatsApp-Image-2023-12-28-at-15.43.46-2-1.jpeg 1024w, https:\/\/chucaros.com.ar\/c\/wp-content\/uploads\/2024\/06\/WhatsApp-Image-2023-12-28-at-15.43.46-2-1-300x200.jpeg 300w, https:\/\/chucaros.com.ar\/c\/wp-content\/uploads\/2024\/06\/WhatsApp-Image-2023-12-28-at-15.43.46-2-1-768x512.jpeg 768w\" sizes=\"auto, (max-width: 1024px) 100vw, 1024px\" \/><\/figure>\n\n\n\n<figure class=\"wp-block-image size-large\"><img loading=\"lazy\" decoding=\"async\" width=\"1024\" height=\"787\" data-id=\"603\" src=\"https:\/\/chucaros.com.ar\/c\/wp-content\/uploads\/2024\/06\/WhatsApp-Image-2024-03-02-at-16.56.12-2-3-1024x787.jpeg\" alt=\"\" class=\"wp-image-603\" srcset=\"https:\/\/chucaros.com.ar\/c\/wp-content\/uploads\/2024\/06\/WhatsApp-Image-2024-03-02-at-16.56.12-2-3-1024x787.jpeg 1024w, https:\/\/chucaros.com.ar\/c\/wp-content\/uploads\/2024\/06\/WhatsApp-Image-2024-03-02-at-16.56.12-2-3-300x231.jpeg 300w, https:\/\/chucaros.com.ar\/c\/wp-content\/uploads\/2024\/06\/WhatsApp-Image-2024-03-02-at-16.56.12-2-3-768x590.jpeg 768w, https:\/\/chucaros.com.ar\/c\/wp-content\/uploads\/2024\/06\/WhatsApp-Image-2024-03-02-at-16.56.12-2-3.jpeg 1280w\" sizes=\"auto, (max-width: 1024px) 100vw, 1024px\" \/><\/figure>\n\n\n\n<figure class=\"wp-block-image size-large\"><img loading=\"lazy\" decoding=\"async\" width=\"1024\" height=\"717\" data-id=\"604\" src=\"https:\/\/chucaros.com.ar\/c\/wp-content\/uploads\/2024\/06\/WhatsApp-Image-2024-04-07-at-19.21.29-1-1024x717.jpeg\" alt=\"\" class=\"wp-image-604\" srcset=\"https:\/\/chucaros.com.ar\/c\/wp-content\/uploads\/2024\/06\/WhatsApp-Image-2024-04-07-at-19.21.29-1-1024x717.jpeg 1024w, https:\/\/chucaros.com.ar\/c\/wp-content\/uploads\/2024\/06\/WhatsApp-Image-2024-04-07-at-19.21.29-1-300x210.jpeg 300w, https:\/\/chucaros.com.ar\/c\/wp-content\/uploads\/2024\/06\/WhatsApp-Image-2024-04-07-at-19.21.29-1-768x538.jpeg 768w, https:\/\/chucaros.com.ar\/c\/wp-content\/uploads\/2024\/06\/WhatsApp-Image-2024-04-07-at-19.21.29-1-1536x1075.jpeg 1536w, https:\/\/chucaros.com.ar\/c\/wp-content\/uploads\/2024\/06\/WhatsApp-Image-2024-04-07-at-19.21.29-1.jpeg 1600w\" sizes=\"auto, (max-width: 1024px) 100vw, 1024px\" \/><\/figure>\n\n\n\n<figure class=\"wp-block-image size-large\"><img loading=\"lazy\" decoding=\"async\" width=\"1024\" height=\"698\" data-id=\"605\" src=\"https:\/\/chucaros.com.ar\/c\/wp-content\/uploads\/2024\/06\/WhatsApp-Image-2024-04-07-at-19.21.30-1024x698.jpeg\" alt=\"\" class=\"wp-image-605\" srcset=\"https:\/\/chucaros.com.ar\/c\/wp-content\/uploads\/2024\/06\/WhatsApp-Image-2024-04-07-at-19.21.30-1024x698.jpeg 1024w, https:\/\/chucaros.com.ar\/c\/wp-content\/uploads\/2024\/06\/WhatsApp-Image-2024-04-07-at-19.21.30-300x204.jpeg 300w, https:\/\/chucaros.com.ar\/c\/wp-content\/uploads\/2024\/06\/WhatsApp-Image-2024-04-07-at-19.21.30-768x523.jpeg 768w, https:\/\/chucaros.com.ar\/c\/wp-content\/uploads\/2024\/06\/WhatsApp-Image-2024-04-07-at-19.21.30-1536x1046.jpeg 1536w, https:\/\/chucaros.com.ar\/c\/wp-content\/uploads\/2024\/06\/WhatsApp-Image-2024-04-07-at-19.21.30.jpeg 1600w\" sizes=\"auto, (max-width: 1024px) 100vw, 1024px\" \/><\/figure>\n\n\n\n<figure class=\"wp-block-image size-large\"><img loading=\"lazy\" decoding=\"async\" width=\"1024\" height=\"768\" data-id=\"606\" src=\"https:\/\/chucaros.com.ar\/c\/wp-content\/uploads\/2024\/06\/WhatsApp-Image-2024-04-13-at-15.00.54-1024x768.jpeg\" alt=\"\" class=\"wp-image-606\" srcset=\"https:\/\/chucaros.com.ar\/c\/wp-content\/uploads\/2024\/06\/WhatsApp-Image-2024-04-13-at-15.00.54-1024x768.jpeg 1024w, https:\/\/chucaros.com.ar\/c\/wp-content\/uploads\/2024\/06\/WhatsApp-Image-2024-04-13-at-15.00.54-300x225.jpeg 300w, https:\/\/chucaros.com.ar\/c\/wp-content\/uploads\/2024\/06\/WhatsApp-Image-2024-04-13-at-15.00.54-768x576.jpeg 768w, https:\/\/chucaros.com.ar\/c\/wp-content\/uploads\/2024\/06\/WhatsApp-Image-2024-04-13-at-15.00.54.jpeg 1280w\" sizes=\"auto, (max-width: 1024px) 100vw, 1024px\" \/><\/figure>\n\n\n\n<figure class=\"wp-block-image size-large\"><img loading=\"lazy\" decoding=\"async\" width=\"1024\" height=\"768\" data-id=\"607\" src=\"https:\/\/chucaros.com.ar\/c\/wp-content\/uploads\/2024\/06\/WhatsApp-Image-2024-05-01-at-10.16.39-1024x768.jpeg\" alt=\"\" class=\"wp-image-607\" srcset=\"https:\/\/chucaros.com.ar\/c\/wp-content\/uploads\/2024\/06\/WhatsApp-Image-2024-05-01-at-10.16.39-1024x768.jpeg 1024w, https:\/\/chucaros.com.ar\/c\/wp-content\/uploads\/2024\/06\/WhatsApp-Image-2024-05-01-at-10.16.39-300x225.jpeg 300w, https:\/\/chucaros.com.ar\/c\/wp-content\/uploads\/2024\/06\/WhatsApp-Image-2024-05-01-at-10.16.39-768x576.jpeg 768w, https:\/\/chucaros.com.ar\/c\/wp-content\/uploads\/2024\/06\/WhatsApp-Image-2024-05-01-at-10.16.39-1536x1152.jpeg 1536w, https:\/\/chucaros.com.ar\/c\/wp-content\/uploads\/2024\/06\/WhatsApp-Image-2024-05-01-at-10.16.39.jpeg 1600w\" sizes=\"auto, (max-width: 1024px) 100vw, 1024px\" \/><\/figure>\n<\/figure>\n","protected":false},"excerpt":{"rendered":"<p>LUIS ALBERTO SANCHEZ. Entrenador de SPC desde 1992 \u00abLa \u00fanica manera de mejorar la performance de un caballo de carrera es entendiendo su idioma\u00bb. Cuando uno habla de caballos SPC, el entrenamiento y el entendimiento son casi sin\u00f3nimos. Creo profundamente que la \u00fanica manera de mejorar la performance de un caballo de carrera es entendiendo &#8230; <a title=\"LUIS ALBERTO SANCHEZ.\" class=\"read-more\" href=\"https:\/\/chucaros.com.ar\/c\/luis-alberto-sanchez\/\" aria-label=\"Leer m\u00e1s sobre LUIS ALBERTO SANCHEZ.\">Leer m\u00e1s<\/a><\/p>\n","protected":false},"author":2,"featured_media":0,"parent":0,"menu_order":0,"comment_status":"closed","ping_status":"closed","template":"","meta":{"footnotes":""},"class_list":["post-221","page","type-page","status-publish"],"_links":{"self":[{"href":"https:\/\/chucaros.com.ar\/c\/wp-json\/wp\/v2\/pages\/221","targetHints":{"allow":["GET"]}}],"collection":[{"href":"https:\/\/chucaros.com.ar\/c\/wp-json\/wp\/v2\/pages"}],"about":[{"href":"https:\/\/chucaros.com.ar\/c\/wp-json\/wp\/v2\/types\/page"}],"author":[{"embeddable":true,"href":"https:\/\/chucaros.com.ar\/c\/wp-json\/wp\/v2\/users\/2"}],"replies":[{"embeddable":true,"href":"https:\/\/chucaros.com.ar\/c\/wp-json\/wp\/v2\/comments?post=221"}],"version-history":[{"count":6,"href":"https:\/\/chucaros.com.ar\/c\/wp-json\/wp\/v2\/pages\/221\/revisions"}],"predecessor-version":[{"id":608,"href":"https:\/\/chucaros.com.ar\/c\/wp-json\/wp\/v2\/pages\/221\/revisions\/608"}],"wp:attachment":[{"href":"https:\/\/chucaros.com.ar\/c\/wp-json\/wp\/v2\/media?parent=221"}],"curies":[{"name":"wp","href":"https:\/\/api.w.org\/{rel}","templated":true}]}}