{"id":219,"date":"2024-05-08T19:59:17","date_gmt":"2024-05-08T19:59:17","guid":{"rendered":"https:\/\/chucaros.com.ar\/c\/?page_id=219"},"modified":"2024-06-14T17:42:15","modified_gmt":"2024-06-14T17:42:15","slug":"vanina-gonzalez","status":"publish","type":"page","link":"https:\/\/chucaros.com.ar\/c\/vanina-gonzalez\/","title":{"rendered":"VANINA GONZALEZ."},"content":{"rendered":"\n<h2 class=\"wp-block-heading\">VANINA GONZALEZ.<\/h2>\n\n\n\n<h4 class=\"wp-block-heading\"><strong>Licenciada en Administraci\u00f3n de Empresas<\/strong><\/h4>\n\n\n\n<figure class=\"wp-block-image size-large\"><img loading=\"lazy\" decoding=\"async\" width=\"1024\" height=\"718\" src=\"https:\/\/chucaros.com.ar\/c\/wp-content\/uploads\/2024\/05\/DSCF1964-copia-1-1024x718.jpg\" alt=\"\" class=\"wp-image-273\" srcset=\"https:\/\/chucaros.com.ar\/c\/wp-content\/uploads\/2024\/05\/DSCF1964-copia-1-1024x718.jpg 1024w, https:\/\/chucaros.com.ar\/c\/wp-content\/uploads\/2024\/05\/DSCF1964-copia-1-300x210.jpg 300w, https:\/\/chucaros.com.ar\/c\/wp-content\/uploads\/2024\/05\/DSCF1964-copia-1-768x538.jpg 768w, https:\/\/chucaros.com.ar\/c\/wp-content\/uploads\/2024\/05\/DSCF1964-copia-1-1536x1077.jpg 1536w, https:\/\/chucaros.com.ar\/c\/wp-content\/uploads\/2024\/05\/DSCF1964-copia-1-2048x1436.jpg 2048w\" sizes=\"auto, (max-width: 1024px) 100vw, 1024px\" \/><\/figure>\n\n\n\n<blockquote class=\"wp-block-quote is-layout-flow wp-block-quote-is-layout-flow\">\n<p><em>\u00abCuando miro a un caballo fijamente a los ojos siento que puedo ver hasta lo m\u00e1s profundo de su esp\u00edritu\u00bb.<\/em><\/p>\n<\/blockquote>\n\n\n\n<p>Soy mam\u00e1 de un ni\u00f1o de 3 a\u00f1os, el cual me sigue ense\u00f1ando d\u00eda a d\u00eda las maravillas de la vida. Trabajo en la Administraci\u00f3n de Empresas desde hace 12 a\u00f1os, siempre con una visi\u00f3n firme al futuro y decidida en lo que hago. Siempre supe que la econom\u00eda y administraci\u00f3n era la profesi\u00f3n que me completaba. Hay quienes lo consideran un trabajo solitario, sin embargo yo siempre tuve la suerte de trabajar con equipos maravillosos.&nbsp;<\/p>\n\n\n\n<p>Mi relaci\u00f3n con el deporte es el patinaje art\u00edstico sobre ruedas. Desde muy peque\u00f1a am\u00e9 la velocidad y los saltos.<\/p>\n\n\n\n<p>Tengo una gran debilidad por los animales y los caballos me cautivan particularmente. Tienen una mirada muy transparente, que habla por s\u00ed sola. Cuando los miro fijamente a los ojos siento que puedo ver hasta lo m\u00e1s profundo de su esp\u00edritu.<\/p>\n\n\n\n<p>CH\u00daCAROS me permite unir mi amor por los caballos, los equipos y la administraci\u00f3n.<\/p>\n","protected":false},"excerpt":{"rendered":"<p>VANINA GONZALEZ. Licenciada en Administraci\u00f3n de Empresas \u00abCuando miro a un caballo fijamente a los ojos siento que puedo ver hasta lo m\u00e1s profundo de su esp\u00edritu\u00bb. Soy mam\u00e1 de un ni\u00f1o de 3 a\u00f1os, el cual me sigue ense\u00f1ando d\u00eda a d\u00eda las maravillas de la vida. Trabajo en la Administraci\u00f3n de Empresas desde &#8230; <a title=\"VANINA GONZALEZ.\" class=\"read-more\" href=\"https:\/\/chucaros.com.ar\/c\/vanina-gonzalez\/\" aria-label=\"Leer m\u00e1s sobre VANINA GONZALEZ.\">Leer m\u00e1s<\/a><\/p>\n","protected":false},"author":2,"featured_media":0,"parent":0,"menu_order":0,"comment_status":"closed","ping_status":"closed","template":"","meta":{"footnotes":""},"class_list":["post-219","page","type-page","status-publish"],"_links":{"self":[{"href":"https:\/\/chucaros.com.ar\/c\/wp-json\/wp\/v2\/pages\/219","targetHints":{"allow":["GET"]}}],"collection":[{"href":"https:\/\/chucaros.com.ar\/c\/wp-json\/wp\/v2\/pages"}],"about":[{"href":"https:\/\/chucaros.com.ar\/c\/wp-json\/wp\/v2\/types\/page"}],"author":[{"embeddable":true,"href":"https:\/\/chucaros.com.ar\/c\/wp-json\/wp\/v2\/users\/2"}],"replies":[{"embeddable":true,"href":"https:\/\/chucaros.com.ar\/c\/wp-json\/wp\/v2\/comments?post=219"}],"version-history":[{"count":4,"href":"https:\/\/chucaros.com.ar\/c\/wp-json\/wp\/v2\/pages\/219\/revisions"}],"predecessor-version":[{"id":359,"href":"https:\/\/chucaros.com.ar\/c\/wp-json\/wp\/v2\/pages\/219\/revisions\/359"}],"wp:attachment":[{"href":"https:\/\/chucaros.com.ar\/c\/wp-json\/wp\/v2\/media?parent=219"}],"curies":[{"name":"wp","href":"https:\/\/api.w.org\/{rel}","templated":true}]}}