{"id":217,"date":"2024-05-08T19:57:07","date_gmt":"2024-05-08T19:57:07","guid":{"rendered":"https:\/\/chucaros.com.ar\/c\/?page_id=217"},"modified":"2024-06-14T16:50:40","modified_gmt":"2024-06-14T16:50:40","slug":"mario-ledesma-arocena","status":"publish","type":"page","link":"https:\/\/chucaros.com.ar\/c\/mario-ledesma-arocena\/","title":{"rendered":"MARIO LEDESMA AROCENA"},"content":{"rendered":"\n<h2 class=\"wp-block-heading\">MARIO LEDESMA AROCENA<\/h2>\n\n\n\n<h4 class=\"wp-block-heading\"><strong>Propietario y General Manager.<\/strong><\/h4>\n\n\n\n<div class=\"wp-block-columns is-layout-flex wp-container-core-columns-is-layout-9d6595d7 wp-block-columns-is-layout-flex\">\n<div class=\"wp-block-column is-layout-flow wp-block-column-is-layout-flow\">\n<figure class=\"wp-block-image size-large\"><img loading=\"lazy\" decoding=\"async\" width=\"1024\" height=\"682\" src=\"https:\/\/chucaros.com.ar\/c\/wp-content\/uploads\/2024\/06\/WhatsApp-Image-2023-12-28-at-12.28.41-1024x682.jpeg\" alt=\"\" class=\"wp-image-332\" srcset=\"https:\/\/chucaros.com.ar\/c\/wp-content\/uploads\/2024\/06\/WhatsApp-Image-2023-12-28-at-12.28.41-1024x682.jpeg 1024w, https:\/\/chucaros.com.ar\/c\/wp-content\/uploads\/2024\/06\/WhatsApp-Image-2023-12-28-at-12.28.41-300x200.jpeg 300w, https:\/\/chucaros.com.ar\/c\/wp-content\/uploads\/2024\/06\/WhatsApp-Image-2023-12-28-at-12.28.41-768x512.jpeg 768w, https:\/\/chucaros.com.ar\/c\/wp-content\/uploads\/2024\/06\/WhatsApp-Image-2023-12-28-at-12.28.41-1536x1023.jpeg 1536w, https:\/\/chucaros.com.ar\/c\/wp-content\/uploads\/2024\/06\/WhatsApp-Image-2023-12-28-at-12.28.41.jpeg 1600w\" sizes=\"auto, (max-width: 1024px) 100vw, 1024px\" \/><\/figure>\n<\/div>\n\n\n\n<div class=\"wp-block-column is-layout-flow wp-block-column-is-layout-flow\">\n<figure class=\"wp-block-image size-large is-resized\"><img loading=\"lazy\" decoding=\"async\" width=\"1024\" height=\"768\" src=\"https:\/\/chucaros.com.ar\/c\/wp-content\/uploads\/2024\/06\/IMG_8320-1024x768.jpg\" alt=\"\" class=\"wp-image-333\" style=\"width:479px;height:auto\" srcset=\"https:\/\/chucaros.com.ar\/c\/wp-content\/uploads\/2024\/06\/IMG_8320-1024x768.jpg 1024w, https:\/\/chucaros.com.ar\/c\/wp-content\/uploads\/2024\/06\/IMG_8320-300x225.jpg 300w, https:\/\/chucaros.com.ar\/c\/wp-content\/uploads\/2024\/06\/IMG_8320-768x576.jpg 768w, https:\/\/chucaros.com.ar\/c\/wp-content\/uploads\/2024\/06\/IMG_8320-1536x1152.jpg 1536w, https:\/\/chucaros.com.ar\/c\/wp-content\/uploads\/2024\/06\/IMG_8320-2048x1536.jpg 2048w\" sizes=\"auto, (max-width: 1024px) 100vw, 1024px\" \/><\/figure>\n<\/div>\n<\/div>\n\n\n\n<div class=\"wp-block-columns is-layout-flex wp-container-core-columns-is-layout-9d6595d7 wp-block-columns-is-layout-flex\">\n<div class=\"wp-block-column is-layout-flow wp-block-column-is-layout-flow\">\n<figure class=\"wp-block-image size-large\"><img loading=\"lazy\" decoding=\"async\" width=\"1024\" height=\"683\" src=\"https:\/\/chucaros.com.ar\/c\/wp-content\/uploads\/2024\/06\/DSCF9977-1024x683.jpg\" alt=\"\" class=\"wp-image-334\" srcset=\"https:\/\/chucaros.com.ar\/c\/wp-content\/uploads\/2024\/06\/DSCF9977-1024x683.jpg 1024w, https:\/\/chucaros.com.ar\/c\/wp-content\/uploads\/2024\/06\/DSCF9977-300x200.jpg 300w, https:\/\/chucaros.com.ar\/c\/wp-content\/uploads\/2024\/06\/DSCF9977-768x512.jpg 768w, https:\/\/chucaros.com.ar\/c\/wp-content\/uploads\/2024\/06\/DSCF9977-1536x1024.jpg 1536w, https:\/\/chucaros.com.ar\/c\/wp-content\/uploads\/2024\/06\/DSCF9977-2048x1365.jpg 2048w\" sizes=\"auto, (max-width: 1024px) 100vw, 1024px\" \/><\/figure>\n<\/div>\n\n\n\n<div class=\"wp-block-column is-vertically-aligned-center is-layout-flow wp-block-column-is-layout-flow\">\n<ul class=\"wp-block-list\">\n<li>Ex-jugador y Entrenador profesional de Rugby.<\/li>\n\n\n\n<li>20 a\u00f1os jugando y entrenando en diferentes quipos profesionales y seleccionados, en pa\u00edses como Francia, Australia y EEUU.<\/li>\n\n\n\n<li>Recibido en Francia de Ingeniero de la performance.<\/li>\n<\/ul>\n<\/div>\n<\/div>\n\n\n\n<blockquote class=\"wp-block-quote is-layout-flow wp-block-quote-is-layout-flow\">\n<p><em>\u00abMe sorprendi\u00f3 la nobleza de estos atletas de alto rendimiento y el amor de la gente que trabaja con y para ellos\u00bb.<\/em><\/p>\n<\/blockquote>\n\n\n\n<p>Segundo hermano de seis, hijo de Mario Roberto y Maria Eugenia, gu\u00edas y ejemplos a seguir en estos primeros 50 a\u00f1os. Enamorado de Jimena y de mis cuatro hijos, Juana, Tadeo, Luisa y Segundo, que cumplieron mi sue\u00f1o de tener un famili\u00f3n y son fuente inagotable de alegr\u00edas y orgullo.<\/p>\n\n\n\n<p>Soy un apasionado del campo en general y de los caballos en particular, pasi\u00f3n que comparto con mi padre que es veterinario. Hoy estoy descubriendo el mundo de los caballos SPC, sorprendido por la nobleza de estos atletas de alto rendimiento y por el amor de la gente que trabaja con y para ellos.<\/p>\n\n\n\n<p>Sin dudas CH\u00daCAROS es un proyecto muy ambicioso que est\u00e1 destinado a cambiar ciertos paradigmas de este incre\u00edble deporte. Y me motiva mucho poder aportarle al proyecto mi experiencia en equipos de Alta Performance.<\/p>\n\n\n\n<figure class=\"wp-block-gallery has-nested-images columns-default is-cropped wp-block-gallery-1 is-layout-flex wp-block-gallery-is-layout-flex\">\n<figure class=\"wp-block-image size-large\"><img loading=\"lazy\" decoding=\"async\" width=\"1024\" height=\"683\" data-id=\"344\" src=\"https:\/\/chucaros.com.ar\/c\/wp-content\/uploads\/2024\/06\/WhatsApp-Image-2023-07-27-at-18.14.28.jpeg\" alt=\"\" class=\"wp-image-344\" srcset=\"https:\/\/chucaros.com.ar\/c\/wp-content\/uploads\/2024\/06\/WhatsApp-Image-2023-07-27-at-18.14.28.jpeg 1024w, https:\/\/chucaros.com.ar\/c\/wp-content\/uploads\/2024\/06\/WhatsApp-Image-2023-07-27-at-18.14.28-300x200.jpeg 300w, https:\/\/chucaros.com.ar\/c\/wp-content\/uploads\/2024\/06\/WhatsApp-Image-2023-07-27-at-18.14.28-768x512.jpeg 768w\" sizes=\"auto, (max-width: 1024px) 100vw, 1024px\" \/><\/figure>\n\n\n\n<figure class=\"wp-block-image size-large\"><img loading=\"lazy\" decoding=\"async\" width=\"1024\" height=\"683\" data-id=\"339\" src=\"https:\/\/chucaros.com.ar\/c\/wp-content\/uploads\/2024\/06\/DSCF9978-1024x683.jpg\" alt=\"\" class=\"wp-image-339\" srcset=\"https:\/\/chucaros.com.ar\/c\/wp-content\/uploads\/2024\/06\/DSCF9978-1024x683.jpg 1024w, https:\/\/chucaros.com.ar\/c\/wp-content\/uploads\/2024\/06\/DSCF9978-300x200.jpg 300w, https:\/\/chucaros.com.ar\/c\/wp-content\/uploads\/2024\/06\/DSCF9978-768x512.jpg 768w, https:\/\/chucaros.com.ar\/c\/wp-content\/uploads\/2024\/06\/DSCF9978-1536x1024.jpg 1536w, https:\/\/chucaros.com.ar\/c\/wp-content\/uploads\/2024\/06\/DSCF9978-2048x1365.jpg 2048w\" sizes=\"auto, (max-width: 1024px) 100vw, 1024px\" \/><\/figure>\n\n\n\n<figure class=\"wp-block-image size-large\"><img loading=\"lazy\" decoding=\"async\" width=\"1024\" height=\"768\" data-id=\"352\" src=\"https:\/\/chucaros.com.ar\/c\/wp-content\/uploads\/2024\/06\/WhatsApp-Image-2024-04-13-at-15.28.07-1024x768.jpeg\" alt=\"\" class=\"wp-image-352\" srcset=\"https:\/\/chucaros.com.ar\/c\/wp-content\/uploads\/2024\/06\/WhatsApp-Image-2024-04-13-at-15.28.07-1024x768.jpeg 1024w, https:\/\/chucaros.com.ar\/c\/wp-content\/uploads\/2024\/06\/WhatsApp-Image-2024-04-13-at-15.28.07-300x225.jpeg 300w, https:\/\/chucaros.com.ar\/c\/wp-content\/uploads\/2024\/06\/WhatsApp-Image-2024-04-13-at-15.28.07-768x576.jpeg 768w, https:\/\/chucaros.com.ar\/c\/wp-content\/uploads\/2024\/06\/WhatsApp-Image-2024-04-13-at-15.28.07.jpeg 1280w\" sizes=\"auto, (max-width: 1024px) 100vw, 1024px\" \/><\/figure>\n\n\n\n<figure class=\"wp-block-image size-large\"><img loading=\"lazy\" decoding=\"async\" width=\"1024\" height=\"768\" data-id=\"337\" src=\"https:\/\/chucaros.com.ar\/c\/wp-content\/uploads\/2024\/06\/IMG_8973-1024x768.jpg\" alt=\"\" class=\"wp-image-337\" srcset=\"https:\/\/chucaros.com.ar\/c\/wp-content\/uploads\/2024\/06\/IMG_8973-1024x768.jpg 1024w, https:\/\/chucaros.com.ar\/c\/wp-content\/uploads\/2024\/06\/IMG_8973-300x225.jpg 300w, https:\/\/chucaros.com.ar\/c\/wp-content\/uploads\/2024\/06\/IMG_8973-768x576.jpg 768w, https:\/\/chucaros.com.ar\/c\/wp-content\/uploads\/2024\/06\/IMG_8973-1536x1152.jpg 1536w, https:\/\/chucaros.com.ar\/c\/wp-content\/uploads\/2024\/06\/IMG_8973-2048x1536.jpg 2048w\" sizes=\"auto, (max-width: 1024px) 100vw, 1024px\" \/><\/figure>\n\n\n\n<figure class=\"wp-block-image size-large\"><img loading=\"lazy\" decoding=\"async\" width=\"1024\" height=\"787\" data-id=\"350\" src=\"https:\/\/chucaros.com.ar\/c\/wp-content\/uploads\/2024\/06\/WhatsApp-Image-2024-03-02-at-16.56.12-2-1024x787.jpeg\" alt=\"\" class=\"wp-image-350\" srcset=\"https:\/\/chucaros.com.ar\/c\/wp-content\/uploads\/2024\/06\/WhatsApp-Image-2024-03-02-at-16.56.12-2-1024x787.jpeg 1024w, https:\/\/chucaros.com.ar\/c\/wp-content\/uploads\/2024\/06\/WhatsApp-Image-2024-03-02-at-16.56.12-2-300x231.jpeg 300w, https:\/\/chucaros.com.ar\/c\/wp-content\/uploads\/2024\/06\/WhatsApp-Image-2024-03-02-at-16.56.12-2-768x590.jpeg 768w, https:\/\/chucaros.com.ar\/c\/wp-content\/uploads\/2024\/06\/WhatsApp-Image-2024-03-02-at-16.56.12-2.jpeg 1280w\" sizes=\"auto, (max-width: 1024px) 100vw, 1024px\" \/><\/figure>\n\n\n\n<figure class=\"wp-block-image size-large\"><img loading=\"lazy\" decoding=\"async\" width=\"1024\" height=\"787\" data-id=\"346\" src=\"https:\/\/chucaros.com.ar\/c\/wp-content\/uploads\/2024\/06\/WhatsApp-Image-2024-02-14-at-19.22.03-2-1024x787.jpeg\" alt=\"\" class=\"wp-image-346\" srcset=\"https:\/\/chucaros.com.ar\/c\/wp-content\/uploads\/2024\/06\/WhatsApp-Image-2024-02-14-at-19.22.03-2-1024x787.jpeg 1024w, https:\/\/chucaros.com.ar\/c\/wp-content\/uploads\/2024\/06\/WhatsApp-Image-2024-02-14-at-19.22.03-2-300x231.jpeg 300w, https:\/\/chucaros.com.ar\/c\/wp-content\/uploads\/2024\/06\/WhatsApp-Image-2024-02-14-at-19.22.03-2-768x590.jpeg 768w, https:\/\/chucaros.com.ar\/c\/wp-content\/uploads\/2024\/06\/WhatsApp-Image-2024-02-14-at-19.22.03-2-1536x1181.jpeg 1536w, https:\/\/chucaros.com.ar\/c\/wp-content\/uploads\/2024\/06\/WhatsApp-Image-2024-02-14-at-19.22.03-2.jpeg 1600w\" sizes=\"auto, (max-width: 1024px) 100vw, 1024px\" \/><\/figure>\n\n\n\n<figure class=\"wp-block-image size-large\"><img loading=\"lazy\" decoding=\"async\" width=\"1024\" height=\"797\" data-id=\"340\" src=\"https:\/\/chucaros.com.ar\/c\/wp-content\/uploads\/2024\/06\/IMG_8977-1024x797.jpg\" alt=\"\" class=\"wp-image-340\" srcset=\"https:\/\/chucaros.com.ar\/c\/wp-content\/uploads\/2024\/06\/IMG_8977-1024x797.jpg 1024w, https:\/\/chucaros.com.ar\/c\/wp-content\/uploads\/2024\/06\/IMG_8977-300x234.jpg 300w, https:\/\/chucaros.com.ar\/c\/wp-content\/uploads\/2024\/06\/IMG_8977-768x598.jpg 768w, https:\/\/chucaros.com.ar\/c\/wp-content\/uploads\/2024\/06\/IMG_8977-1536x1196.jpg 1536w, https:\/\/chucaros.com.ar\/c\/wp-content\/uploads\/2024\/06\/IMG_8977-2048x1594.jpg 2048w\" sizes=\"auto, (max-width: 1024px) 100vw, 1024px\" \/><\/figure>\n\n\n\n<figure class=\"wp-block-image size-large\"><img loading=\"lazy\" decoding=\"async\" width=\"1024\" height=\"682\" data-id=\"345\" src=\"https:\/\/chucaros.com.ar\/c\/wp-content\/uploads\/2024\/06\/WhatsApp-Image-2023-12-20-at-09.14.04-1024x682.jpeg\" alt=\"\" class=\"wp-image-345\" srcset=\"https:\/\/chucaros.com.ar\/c\/wp-content\/uploads\/2024\/06\/WhatsApp-Image-2023-12-20-at-09.14.04-1024x682.jpeg 1024w, https:\/\/chucaros.com.ar\/c\/wp-content\/uploads\/2024\/06\/WhatsApp-Image-2023-12-20-at-09.14.04-300x200.jpeg 300w, https:\/\/chucaros.com.ar\/c\/wp-content\/uploads\/2024\/06\/WhatsApp-Image-2023-12-20-at-09.14.04-768x512.jpeg 768w, https:\/\/chucaros.com.ar\/c\/wp-content\/uploads\/2024\/06\/WhatsApp-Image-2023-12-20-at-09.14.04-1536x1023.jpeg 1536w, https:\/\/chucaros.com.ar\/c\/wp-content\/uploads\/2024\/06\/WhatsApp-Image-2023-12-20-at-09.14.04.jpeg 1600w\" sizes=\"auto, (max-width: 1024px) 100vw, 1024px\" \/><\/figure>\n\n\n\n<figure class=\"wp-block-image size-large\"><img loading=\"lazy\" decoding=\"async\" width=\"2560\" height=\"2560\" data-id=\"354\" src=\"https:\/\/chucaros.com.ar\/c\/wp-content\/uploads\/2024\/06\/V3C0385-edited-scaled.jpg\" alt=\"\" class=\"wp-image-354\" srcset=\"https:\/\/chucaros.com.ar\/c\/wp-content\/uploads\/2024\/06\/V3C0385-edited-scaled.jpg 2560w, https:\/\/chucaros.com.ar\/c\/wp-content\/uploads\/2024\/06\/V3C0385-edited-300x300.jpg 300w, https:\/\/chucaros.com.ar\/c\/wp-content\/uploads\/2024\/06\/V3C0385-edited-1024x1024.jpg 1024w, https:\/\/chucaros.com.ar\/c\/wp-content\/uploads\/2024\/06\/V3C0385-edited-150x150.jpg 150w, https:\/\/chucaros.com.ar\/c\/wp-content\/uploads\/2024\/06\/V3C0385-edited-768x768.jpg 768w, https:\/\/chucaros.com.ar\/c\/wp-content\/uploads\/2024\/06\/V3C0385-edited-1536x1536.jpg 1536w, https:\/\/chucaros.com.ar\/c\/wp-content\/uploads\/2024\/06\/V3C0385-edited-2048x2048.jpg 2048w\" sizes=\"auto, (max-width: 2560px) 100vw, 2560px\" \/><\/figure>\n\n\n\n<figure class=\"wp-block-image size-large\"><img loading=\"lazy\" decoding=\"async\" width=\"1024\" height=\"735\" data-id=\"347\" src=\"https:\/\/chucaros.com.ar\/c\/wp-content\/uploads\/2024\/06\/WhatsApp-Image-2024-02-14-at-19.22.05-1-1024x735.jpeg\" alt=\"\" class=\"wp-image-347\" srcset=\"https:\/\/chucaros.com.ar\/c\/wp-content\/uploads\/2024\/06\/WhatsApp-Image-2024-02-14-at-19.22.05-1-1024x735.jpeg 1024w, https:\/\/chucaros.com.ar\/c\/wp-content\/uploads\/2024\/06\/WhatsApp-Image-2024-02-14-at-19.22.05-1-300x215.jpeg 300w, https:\/\/chucaros.com.ar\/c\/wp-content\/uploads\/2024\/06\/WhatsApp-Image-2024-02-14-at-19.22.05-1-768x551.jpeg 768w, https:\/\/chucaros.com.ar\/c\/wp-content\/uploads\/2024\/06\/WhatsApp-Image-2024-02-14-at-19.22.05-1-1536x1102.jpeg 1536w, https:\/\/chucaros.com.ar\/c\/wp-content\/uploads\/2024\/06\/WhatsApp-Image-2024-02-14-at-19.22.05-1.jpeg 1600w\" sizes=\"auto, (max-width: 1024px) 100vw, 1024px\" \/><\/figure>\n\n\n\n<figure class=\"wp-block-image size-large\"><img loading=\"lazy\" decoding=\"async\" width=\"1024\" height=\"726\" data-id=\"348\" src=\"https:\/\/chucaros.com.ar\/c\/wp-content\/uploads\/2024\/06\/WhatsApp-Image-2024-02-14-at-19.22.07-1-1024x726.jpeg\" alt=\"\" class=\"wp-image-348\" srcset=\"https:\/\/chucaros.com.ar\/c\/wp-content\/uploads\/2024\/06\/WhatsApp-Image-2024-02-14-at-19.22.07-1-1024x726.jpeg 1024w, https:\/\/chucaros.com.ar\/c\/wp-content\/uploads\/2024\/06\/WhatsApp-Image-2024-02-14-at-19.22.07-1-300x213.jpeg 300w, https:\/\/chucaros.com.ar\/c\/wp-content\/uploads\/2024\/06\/WhatsApp-Image-2024-02-14-at-19.22.07-1-768x544.jpeg 768w, https:\/\/chucaros.com.ar\/c\/wp-content\/uploads\/2024\/06\/WhatsApp-Image-2024-02-14-at-19.22.07-1-1536x1089.jpeg 1536w, https:\/\/chucaros.com.ar\/c\/wp-content\/uploads\/2024\/06\/WhatsApp-Image-2024-02-14-at-19.22.07-1.jpeg 1600w\" sizes=\"auto, (max-width: 1024px) 100vw, 1024px\" \/><\/figure>\n\n\n\n<figure class=\"wp-block-image size-large\"><img loading=\"lazy\" decoding=\"async\" width=\"1024\" height=\"774\" data-id=\"349\" src=\"https:\/\/chucaros.com.ar\/c\/wp-content\/uploads\/2024\/06\/WhatsApp-Image-2024-02-14-at-19.22.07-1024x774.jpeg\" alt=\"\" class=\"wp-image-349\" srcset=\"https:\/\/chucaros.com.ar\/c\/wp-content\/uploads\/2024\/06\/WhatsApp-Image-2024-02-14-at-19.22.07-1024x774.jpeg 1024w, https:\/\/chucaros.com.ar\/c\/wp-content\/uploads\/2024\/06\/WhatsApp-Image-2024-02-14-at-19.22.07-300x227.jpeg 300w, https:\/\/chucaros.com.ar\/c\/wp-content\/uploads\/2024\/06\/WhatsApp-Image-2024-02-14-at-19.22.07-768x581.jpeg 768w, https:\/\/chucaros.com.ar\/c\/wp-content\/uploads\/2024\/06\/WhatsApp-Image-2024-02-14-at-19.22.07-1536x1162.jpeg 1536w, https:\/\/chucaros.com.ar\/c\/wp-content\/uploads\/2024\/06\/WhatsApp-Image-2024-02-14-at-19.22.07.jpeg 1600w\" sizes=\"auto, (max-width: 1024px) 100vw, 1024px\" \/><\/figure>\n\n\n\n<figure class=\"wp-block-image size-large\"><img loading=\"lazy\" decoding=\"async\" width=\"1024\" height=\"687\" data-id=\"351\" src=\"https:\/\/chucaros.com.ar\/c\/wp-content\/uploads\/2024\/06\/WhatsApp-Image-2024-04-12-at-11.58.35-1024x687.jpeg\" alt=\"\" class=\"wp-image-351\" srcset=\"https:\/\/chucaros.com.ar\/c\/wp-content\/uploads\/2024\/06\/WhatsApp-Image-2024-04-12-at-11.58.35-1024x687.jpeg 1024w, https:\/\/chucaros.com.ar\/c\/wp-content\/uploads\/2024\/06\/WhatsApp-Image-2024-04-12-at-11.58.35-300x201.jpeg 300w, https:\/\/chucaros.com.ar\/c\/wp-content\/uploads\/2024\/06\/WhatsApp-Image-2024-04-12-at-11.58.35-768x516.jpeg 768w, https:\/\/chucaros.com.ar\/c\/wp-content\/uploads\/2024\/06\/WhatsApp-Image-2024-04-12-at-11.58.35-1536x1031.jpeg 1536w, https:\/\/chucaros.com.ar\/c\/wp-content\/uploads\/2024\/06\/WhatsApp-Image-2024-04-12-at-11.58.35.jpeg 1600w\" sizes=\"auto, (max-width: 1024px) 100vw, 1024px\" \/><\/figure>\n\n\n\n<figure class=\"wp-block-image size-large\"><img loading=\"lazy\" decoding=\"async\" width=\"1024\" height=\"803\" data-id=\"353\" src=\"https:\/\/chucaros.com.ar\/c\/wp-content\/uploads\/2024\/06\/WhatsApp-Image-2024-05-02-at-18.53.22-1024x803.jpeg\" alt=\"\" class=\"wp-image-353\" srcset=\"https:\/\/chucaros.com.ar\/c\/wp-content\/uploads\/2024\/06\/WhatsApp-Image-2024-05-02-at-18.53.22-1024x803.jpeg 1024w, https:\/\/chucaros.com.ar\/c\/wp-content\/uploads\/2024\/06\/WhatsApp-Image-2024-05-02-at-18.53.22-300x235.jpeg 300w, https:\/\/chucaros.com.ar\/c\/wp-content\/uploads\/2024\/06\/WhatsApp-Image-2024-05-02-at-18.53.22-768x602.jpeg 768w, https:\/\/chucaros.com.ar\/c\/wp-content\/uploads\/2024\/06\/WhatsApp-Image-2024-05-02-at-18.53.22.jpeg 1280w\" sizes=\"auto, (max-width: 1024px) 100vw, 1024px\" \/><\/figure>\n<\/figure>\n","protected":false},"excerpt":{"rendered":"<p>MARIO LEDESMA AROCENA Propietario y General Manager. \u00abMe sorprendi\u00f3 la nobleza de estos atletas de alto rendimiento y el amor de la gente que trabaja con y para ellos\u00bb. Segundo hermano de seis, hijo de Mario Roberto y Maria Eugenia, gu\u00edas y ejemplos a seguir en estos primeros 50 a\u00f1os. Enamorado de Jimena y de &#8230; <a title=\"MARIO LEDESMA AROCENA\" class=\"read-more\" href=\"https:\/\/chucaros.com.ar\/c\/mario-ledesma-arocena\/\" aria-label=\"Leer m\u00e1s sobre MARIO LEDESMA AROCENA\">Leer m\u00e1s<\/a><\/p>\n","protected":false},"author":2,"featured_media":0,"parent":0,"menu_order":0,"comment_status":"closed","ping_status":"closed","template":"","meta":{"footnotes":""},"class_list":["post-217","page","type-page","status-publish"],"_links":{"self":[{"href":"https:\/\/chucaros.com.ar\/c\/wp-json\/wp\/v2\/pages\/217","targetHints":{"allow":["GET"]}}],"collection":[{"href":"https:\/\/chucaros.com.ar\/c\/wp-json\/wp\/v2\/pages"}],"about":[{"href":"https:\/\/chucaros.com.ar\/c\/wp-json\/wp\/v2\/types\/page"}],"author":[{"embeddable":true,"href":"https:\/\/chucaros.com.ar\/c\/wp-json\/wp\/v2\/users\/2"}],"replies":[{"embeddable":true,"href":"https:\/\/chucaros.com.ar\/c\/wp-json\/wp\/v2\/comments?post=217"}],"version-history":[{"count":3,"href":"https:\/\/chucaros.com.ar\/c\/wp-json\/wp\/v2\/pages\/217\/revisions"}],"predecessor-version":[{"id":355,"href":"https:\/\/chucaros.com.ar\/c\/wp-json\/wp\/v2\/pages\/217\/revisions\/355"}],"wp:attachment":[{"href":"https:\/\/chucaros.com.ar\/c\/wp-json\/wp\/v2\/media?parent=217"}],"curies":[{"name":"wp","href":"https:\/\/api.w.org\/{rel}","templated":true}]}}