{"id":215,"date":"2024-05-08T19:54:41","date_gmt":"2024-05-08T19:54:41","guid":{"rendered":"https:\/\/chucaros.com.ar\/c\/?page_id=215"},"modified":"2024-06-14T17:51:40","modified_gmt":"2024-06-14T17:51:40","slug":"pedro-ledesma-arocena","status":"publish","type":"page","link":"https:\/\/chucaros.com.ar\/c\/pedro-ledesma-arocena\/","title":{"rendered":"PEDRO LEDESMA AROCENA"},"content":{"rendered":"\n<h2 class=\"wp-block-heading\">PEDRO LEDESMA AROCENA<\/h2>\n\n\n\n<h4 class=\"wp-block-heading\"><strong>Propietario y Director.<\/strong><\/h4>\n\n\n\n<div class=\"wp-block-columns is-layout-flex wp-container-core-columns-is-layout-9d6595d7 wp-block-columns-is-layout-flex\">\n<div class=\"wp-block-column is-layout-flow wp-block-column-is-layout-flow\">\n<figure class=\"wp-block-image size-large\"><img loading=\"lazy\" decoding=\"async\" width=\"1024\" height=\"718\" src=\"https:\/\/chucaros.com.ar\/c\/wp-content\/uploads\/2024\/06\/WhatsApp-Image-2023-12-28-at-12.28.44-1-1024x718.jpeg\" alt=\"\" class=\"wp-image-320\" srcset=\"https:\/\/chucaros.com.ar\/c\/wp-content\/uploads\/2024\/06\/WhatsApp-Image-2023-12-28-at-12.28.44-1-1024x718.jpeg 1024w, https:\/\/chucaros.com.ar\/c\/wp-content\/uploads\/2024\/06\/WhatsApp-Image-2023-12-28-at-12.28.44-1-300x210.jpeg 300w, https:\/\/chucaros.com.ar\/c\/wp-content\/uploads\/2024\/06\/WhatsApp-Image-2023-12-28-at-12.28.44-1-768x539.jpeg 768w, https:\/\/chucaros.com.ar\/c\/wp-content\/uploads\/2024\/06\/WhatsApp-Image-2023-12-28-at-12.28.44-1-1536x1077.jpeg 1536w, https:\/\/chucaros.com.ar\/c\/wp-content\/uploads\/2024\/06\/WhatsApp-Image-2023-12-28-at-12.28.44-1.jpeg 1600w\" sizes=\"auto, (max-width: 1024px) 100vw, 1024px\" \/><\/figure>\n<\/div>\n\n\n\n<div class=\"wp-block-column is-layout-flow wp-block-column-is-layout-flow\">\n<figure class=\"wp-block-image size-large is-resized\"><img loading=\"lazy\" decoding=\"async\" width=\"1024\" height=\"768\" src=\"https:\/\/chucaros.com.ar\/c\/wp-content\/uploads\/2024\/06\/WhatsApp-Image-2024-04-13-at-15.28.08-1024x768.jpeg\" alt=\"\" class=\"wp-image-321\" style=\"width:503px;height:auto\" srcset=\"https:\/\/chucaros.com.ar\/c\/wp-content\/uploads\/2024\/06\/WhatsApp-Image-2024-04-13-at-15.28.08-1024x768.jpeg 1024w, https:\/\/chucaros.com.ar\/c\/wp-content\/uploads\/2024\/06\/WhatsApp-Image-2024-04-13-at-15.28.08-300x225.jpeg 300w, https:\/\/chucaros.com.ar\/c\/wp-content\/uploads\/2024\/06\/WhatsApp-Image-2024-04-13-at-15.28.08-768x576.jpeg 768w, https:\/\/chucaros.com.ar\/c\/wp-content\/uploads\/2024\/06\/WhatsApp-Image-2024-04-13-at-15.28.08.jpeg 1280w\" sizes=\"auto, (max-width: 1024px) 100vw, 1024px\" \/><\/figure>\n\n\n\n<p><\/p>\n<\/div>\n<\/div>\n\n\n\n<div class=\"wp-block-columns is-layout-flex wp-container-core-columns-is-layout-9d6595d7 wp-block-columns-is-layout-flex\">\n<div class=\"wp-block-column is-layout-flow wp-block-column-is-layout-flow\">\n<figure class=\"wp-block-image size-large\"><img loading=\"lazy\" decoding=\"async\" width=\"1024\" height=\"787\" src=\"https:\/\/chucaros.com.ar\/c\/wp-content\/uploads\/2024\/06\/WhatsApp-Image-2024-02-14-at-19.22.03-1024x787.jpeg\" alt=\"\" class=\"wp-image-322\" srcset=\"https:\/\/chucaros.com.ar\/c\/wp-content\/uploads\/2024\/06\/WhatsApp-Image-2024-02-14-at-19.22.03-1024x787.jpeg 1024w, https:\/\/chucaros.com.ar\/c\/wp-content\/uploads\/2024\/06\/WhatsApp-Image-2024-02-14-at-19.22.03-300x231.jpeg 300w, https:\/\/chucaros.com.ar\/c\/wp-content\/uploads\/2024\/06\/WhatsApp-Image-2024-02-14-at-19.22.03-768x590.jpeg 768w, https:\/\/chucaros.com.ar\/c\/wp-content\/uploads\/2024\/06\/WhatsApp-Image-2024-02-14-at-19.22.03-1536x1181.jpeg 1536w, https:\/\/chucaros.com.ar\/c\/wp-content\/uploads\/2024\/06\/WhatsApp-Image-2024-02-14-at-19.22.03.jpeg 1600w\" sizes=\"auto, (max-width: 1024px) 100vw, 1024px\" \/><\/figure>\n<\/div>\n\n\n\n<div class=\"wp-block-column is-vertically-aligned-center is-layout-flow wp-block-column-is-layout-flow\">\n<ul class=\"wp-block-list\">\n<li>Empresario<\/li>\n\n\n\n<li>Ex-jugador profesional del Rugby en Francia y en Seleccionados nacionales.<\/li>\n\n\n\n<li>Fundador (junto con Rodrigo Roncero) de PlayPatagonia, empresa de viajes y eventos deportivos que representa a gran cantidad de Asociaciones de diversos deportes.<\/li>\n<\/ul>\n<\/div>\n<\/div>\n\n\n\n<blockquote class=\"wp-block-quote is-layout-flow wp-block-quote-is-layout-flow\">\n<p><em>\u00abCreo profundamente en la conexi\u00f3n que existe entre los caballos y las personas\u00bb.<\/em><\/p>\n<\/blockquote>\n\n\n\n<p>Mi incesante curiosidad siempre me llev\u00f3 a buscar el equilibrio entre opuestos: el balance entre el individualismo y el trabajo en conjunto, la tradici\u00f3n y la innovaci\u00f3n, la velocidad y la calma. Me considero un eterno buscador de sinergias entre polos opuestos, creyendo en que, es en la intersecci\u00f3n de estos contrastes, donde se encuentra la esencia de las cosas.<\/p>\n\n\n\n<p>Desde que tengo memoria, el deporte ha sido uno de los protagonistas en la vida.<\/p>\n\n\n\n<p>Nac\u00ed en una familia en donde el deporte y el campo eran dos claves en la vida diaria de una clan numeroso. Crec\u00ed entrenando arduamente y compitiendo, lo que eventualmente me llev\u00f3 a convertirme en un deportista de alto rendimiento.<\/p>\n\n\n\n<p>Al mismo tiempo, desde muy chico soy un apasionado por los caballos y los animales. Creo profundamente en la conexi\u00f3n que existe entre los caballos y las personas.<\/p>\n\n\n\n<p>Todos estos aspectos de mi vida confluyeron naturalmente en CH\u00daCAROS, un desaf\u00edo donde los caballos son los verdaderos atletas acompa\u00f1ados de un equipo que busca no s\u00f3lo su eficiencia sino principalmente su bienestar.<\/p>\n\n\n\n<figure class=\"wp-block-gallery has-nested-images columns-2 is-cropped wp-block-gallery-1 is-layout-flex wp-block-gallery-is-layout-flex\">\n<figure class=\"wp-block-image size-large\"><img loading=\"lazy\" decoding=\"async\" width=\"1024\" height=\"682\" data-id=\"323\" src=\"https:\/\/chucaros.com.ar\/c\/wp-content\/uploads\/2024\/06\/WhatsApp-Image-2023-12-28-at-12.28.41-1-1024x682.jpeg\" alt=\"\" class=\"wp-image-323\" srcset=\"https:\/\/chucaros.com.ar\/c\/wp-content\/uploads\/2024\/06\/WhatsApp-Image-2023-12-28-at-12.28.41-1-1024x682.jpeg 1024w, https:\/\/chucaros.com.ar\/c\/wp-content\/uploads\/2024\/06\/WhatsApp-Image-2023-12-28-at-12.28.41-1-300x200.jpeg 300w, https:\/\/chucaros.com.ar\/c\/wp-content\/uploads\/2024\/06\/WhatsApp-Image-2023-12-28-at-12.28.41-1-768x512.jpeg 768w, https:\/\/chucaros.com.ar\/c\/wp-content\/uploads\/2024\/06\/WhatsApp-Image-2023-12-28-at-12.28.41-1-1536x1023.jpeg 1536w, https:\/\/chucaros.com.ar\/c\/wp-content\/uploads\/2024\/06\/WhatsApp-Image-2023-12-28-at-12.28.41-1.jpeg 1600w\" sizes=\"auto, (max-width: 1024px) 100vw, 1024px\" \/><\/figure>\n\n\n\n<figure class=\"wp-block-image size-large\"><img loading=\"lazy\" decoding=\"async\" width=\"709\" height=\"1024\" data-id=\"326\" src=\"https:\/\/chucaros.com.ar\/c\/wp-content\/uploads\/2024\/06\/WhatsApp-Image-2023-12-28-at-12.28.43-709x1024.jpeg\" alt=\"\" class=\"wp-image-326\" srcset=\"https:\/\/chucaros.com.ar\/c\/wp-content\/uploads\/2024\/06\/WhatsApp-Image-2023-12-28-at-12.28.43-709x1024.jpeg 709w, https:\/\/chucaros.com.ar\/c\/wp-content\/uploads\/2024\/06\/WhatsApp-Image-2023-12-28-at-12.28.43-208x300.jpeg 208w, https:\/\/chucaros.com.ar\/c\/wp-content\/uploads\/2024\/06\/WhatsApp-Image-2023-12-28-at-12.28.43-768x1109.jpeg 768w, https:\/\/chucaros.com.ar\/c\/wp-content\/uploads\/2024\/06\/WhatsApp-Image-2023-12-28-at-12.28.43-1064x1536.jpeg 1064w, https:\/\/chucaros.com.ar\/c\/wp-content\/uploads\/2024\/06\/WhatsApp-Image-2023-12-28-at-12.28.43.jpeg 1108w\" sizes=\"auto, (max-width: 709px) 100vw, 709px\" \/><\/figure>\n\n\n\n<figure class=\"wp-block-image size-large\"><img loading=\"lazy\" decoding=\"async\" width=\"1024\" height=\"768\" data-id=\"324\" src=\"https:\/\/chucaros.com.ar\/c\/wp-content\/uploads\/2024\/06\/WhatsApp-Image-2024-04-13-at-15.28.08-1-1024x768.jpeg\" alt=\"\" class=\"wp-image-324\" srcset=\"https:\/\/chucaros.com.ar\/c\/wp-content\/uploads\/2024\/06\/WhatsApp-Image-2024-04-13-at-15.28.08-1-1024x768.jpeg 1024w, https:\/\/chucaros.com.ar\/c\/wp-content\/uploads\/2024\/06\/WhatsApp-Image-2024-04-13-at-15.28.08-1-300x225.jpeg 300w, https:\/\/chucaros.com.ar\/c\/wp-content\/uploads\/2024\/06\/WhatsApp-Image-2024-04-13-at-15.28.08-1-768x576.jpeg 768w, https:\/\/chucaros.com.ar\/c\/wp-content\/uploads\/2024\/06\/WhatsApp-Image-2024-04-13-at-15.28.08-1.jpeg 1280w\" sizes=\"auto, (max-width: 1024px) 100vw, 1024px\" \/><\/figure>\n\n\n\n<figure class=\"wp-block-image size-large\"><img loading=\"lazy\" decoding=\"async\" width=\"1024\" height=\"737\" data-id=\"371\" src=\"https:\/\/chucaros.com.ar\/c\/wp-content\/uploads\/2024\/06\/IMG_9625bros-1024x737.jpg\" alt=\"\" class=\"wp-image-371\" srcset=\"https:\/\/chucaros.com.ar\/c\/wp-content\/uploads\/2024\/06\/IMG_9625bros-1024x737.jpg 1024w, https:\/\/chucaros.com.ar\/c\/wp-content\/uploads\/2024\/06\/IMG_9625bros-300x216.jpg 300w, https:\/\/chucaros.com.ar\/c\/wp-content\/uploads\/2024\/06\/IMG_9625bros-768x552.jpg 768w, https:\/\/chucaros.com.ar\/c\/wp-content\/uploads\/2024\/06\/IMG_9625bros-1536x1105.jpg 1536w, https:\/\/chucaros.com.ar\/c\/wp-content\/uploads\/2024\/06\/IMG_9625bros-2048x1473.jpg 2048w\" sizes=\"auto, (max-width: 1024px) 100vw, 1024px\" \/><\/figure>\n<\/figure>\n","protected":false},"excerpt":{"rendered":"<p>PEDRO LEDESMA AROCENA Propietario y Director. \u00abCreo profundamente en la conexi\u00f3n que existe entre los caballos y las personas\u00bb. Mi incesante curiosidad siempre me llev\u00f3 a buscar el equilibrio entre opuestos: el balance entre el individualismo y el trabajo en conjunto, la tradici\u00f3n y la innovaci\u00f3n, la velocidad y la calma. Me considero un eterno &#8230; <a title=\"PEDRO LEDESMA AROCENA\" class=\"read-more\" href=\"https:\/\/chucaros.com.ar\/c\/pedro-ledesma-arocena\/\" aria-label=\"Leer m\u00e1s sobre PEDRO LEDESMA AROCENA\">Leer m\u00e1s<\/a><\/p>\n","protected":false},"author":2,"featured_media":0,"parent":0,"menu_order":0,"comment_status":"closed","ping_status":"closed","template":"","meta":{"footnotes":""},"class_list":["post-215","page","type-page","status-publish"],"_links":{"self":[{"href":"https:\/\/chucaros.com.ar\/c\/wp-json\/wp\/v2\/pages\/215","targetHints":{"allow":["GET"]}}],"collection":[{"href":"https:\/\/chucaros.com.ar\/c\/wp-json\/wp\/v2\/pages"}],"about":[{"href":"https:\/\/chucaros.com.ar\/c\/wp-json\/wp\/v2\/types\/page"}],"author":[{"embeddable":true,"href":"https:\/\/chucaros.com.ar\/c\/wp-json\/wp\/v2\/users\/2"}],"replies":[{"embeddable":true,"href":"https:\/\/chucaros.com.ar\/c\/wp-json\/wp\/v2\/comments?post=215"}],"version-history":[{"count":5,"href":"https:\/\/chucaros.com.ar\/c\/wp-json\/wp\/v2\/pages\/215\/revisions"}],"predecessor-version":[{"id":375,"href":"https:\/\/chucaros.com.ar\/c\/wp-json\/wp\/v2\/pages\/215\/revisions\/375"}],"wp:attachment":[{"href":"https:\/\/chucaros.com.ar\/c\/wp-json\/wp\/v2\/media?parent=215"}],"curies":[{"name":"wp","href":"https:\/\/api.w.org\/{rel}","templated":true}]}}