{"id":180,"date":"2024-05-08T18:43:55","date_gmt":"2024-05-08T18:43:55","guid":{"rendered":"https:\/\/chucaros.com.ar\/c\/?page_id=180"},"modified":"2024-07-01T14:46:13","modified_gmt":"2024-07-01T14:46:13","slug":"rodrigo-roncero","status":"publish","type":"page","link":"https:\/\/chucaros.com.ar\/c\/rodrigo-roncero\/","title":{"rendered":"RODRIGO RONCERO"},"content":{"rendered":"\n<h2 class=\"wp-block-heading\">RODRIGO RONCERO<\/h2>\n\n\n\n<h4 class=\"wp-block-heading\"><strong>Propietario y Director<\/strong><\/h4>\n\n\n\n<div class=\"wp-block-columns is-layout-flex wp-container-core-columns-is-layout-9d6595d7 wp-block-columns-is-layout-flex\">\n<div class=\"wp-block-column is-layout-flow wp-block-column-is-layout-flow\">\n<figure class=\"wp-block-image size-large\"><img loading=\"lazy\" decoding=\"async\" width=\"1198\" height=\"899\" src=\"https:\/\/chucaros.com.ar\/c\/wp-content\/uploads\/2024\/07\/MAX-RodrigoRoncero-01-topaz-enhance-4x-faceai-edited.jpg\" alt=\"\" class=\"wp-image-656\" srcset=\"https:\/\/chucaros.com.ar\/c\/wp-content\/uploads\/2024\/07\/MAX-RodrigoRoncero-01-topaz-enhance-4x-faceai-edited.jpg 1198w, https:\/\/chucaros.com.ar\/c\/wp-content\/uploads\/2024\/07\/MAX-RodrigoRoncero-01-topaz-enhance-4x-faceai-edited-300x225.jpg 300w, https:\/\/chucaros.com.ar\/c\/wp-content\/uploads\/2024\/07\/MAX-RodrigoRoncero-01-topaz-enhance-4x-faceai-edited-1024x768.jpg 1024w, https:\/\/chucaros.com.ar\/c\/wp-content\/uploads\/2024\/07\/MAX-RodrigoRoncero-01-topaz-enhance-4x-faceai-edited-768x576.jpg 768w\" sizes=\"auto, (max-width: 1198px) 100vw, 1198px\" \/><\/figure>\n<\/div>\n\n\n\n<div class=\"wp-block-column is-layout-flow wp-block-column-is-layout-flow\">\n<figure class=\"wp-block-image size-large\"><img loading=\"lazy\" decoding=\"async\" width=\"1024\" height=\"768\" src=\"https:\/\/chucaros.com.ar\/c\/wp-content\/uploads\/2024\/07\/WhatsApp-Image-2024-04-13-at-15.28.08-1024x768.jpeg\" alt=\"\" class=\"wp-image-655\" srcset=\"https:\/\/chucaros.com.ar\/c\/wp-content\/uploads\/2024\/07\/WhatsApp-Image-2024-04-13-at-15.28.08-1024x768.jpeg 1024w, https:\/\/chucaros.com.ar\/c\/wp-content\/uploads\/2024\/07\/WhatsApp-Image-2024-04-13-at-15.28.08-300x225.jpeg 300w, https:\/\/chucaros.com.ar\/c\/wp-content\/uploads\/2024\/07\/WhatsApp-Image-2024-04-13-at-15.28.08-768x576.jpeg 768w, https:\/\/chucaros.com.ar\/c\/wp-content\/uploads\/2024\/07\/WhatsApp-Image-2024-04-13-at-15.28.08.jpeg 1280w\" sizes=\"auto, (max-width: 1024px) 100vw, 1024px\" \/><\/figure>\n<\/div>\n<\/div>\n\n\n\n<div class=\"wp-block-columns is-layout-flex wp-container-core-columns-is-layout-9d6595d7 wp-block-columns-is-layout-flex\">\n<div class=\"wp-block-column is-layout-flow wp-block-column-is-layout-flow\">\n<figure class=\"wp-block-image size-large\"><img loading=\"lazy\" decoding=\"async\" width=\"1024\" height=\"578\" src=\"https:\/\/chucaros.com.ar\/c\/wp-content\/uploads\/2024\/05\/PHOTO-2024-04-13-15-01-24-2-1-1024x578.jpg\" alt=\"\" class=\"wp-image-298\" srcset=\"https:\/\/chucaros.com.ar\/c\/wp-content\/uploads\/2024\/05\/PHOTO-2024-04-13-15-01-24-2-1-1024x578.jpg 1024w, https:\/\/chucaros.com.ar\/c\/wp-content\/uploads\/2024\/05\/PHOTO-2024-04-13-15-01-24-2-1-300x169.jpg 300w, https:\/\/chucaros.com.ar\/c\/wp-content\/uploads\/2024\/05\/PHOTO-2024-04-13-15-01-24-2-1-768x434.jpg 768w, https:\/\/chucaros.com.ar\/c\/wp-content\/uploads\/2024\/05\/PHOTO-2024-04-13-15-01-24-2-1.jpg 1045w\" sizes=\"auto, (max-width: 1024px) 100vw, 1024px\" \/><\/figure>\n<\/div>\n\n\n\n<div class=\"wp-block-column is-vertically-aligned-center is-layout-flow wp-block-column-is-layout-flow\">\n<ul class=\"wp-block-list\">\n<li>M\u00e9dico y Empresario.<\/li>\n\n\n\n<li>14 a\u00f1os de Jugador profesional de Rugby en Francia y en Los Pumas.<\/li>\n\n\n\n<li>Fundador (junto con Pedro Ledesma) de PlayPatagonia, empresa de viajes y eventos deportivos que representa a gran cantidad de Asociaciones de diversos deportes.<\/li>\n\n\n\n<li>Fundador de RG7, empresa constructora cuyo prop\u00f3sito es generar mejor infraestructura y bienestar para la poblaci\u00f3n que ya lleva ejecutadas m\u00e1s de 70 obras de ingenier\u00eda.<\/li>\n<\/ul>\n<\/div>\n<\/div>\n\n\n\n<blockquote class=\"wp-block-quote is-layout-flow wp-block-quote-is-layout-flow\">\n<p><em>\u00abEl d\u00eda que vi a nuestro primer caballo en la recta final, sent\u00ed la misma pasi\u00f3n que cuando jugaba al Rugby\u00bb<\/em><\/p>\n<\/blockquote>\n\n\n\n<p><\/p>\n\n\n\n<p><\/p>\n\n\n\n<p>Tengo 47 a\u00f1os y estoy casado con Gabriela, mi amor y compa\u00f1era de vida, quien siempre me apoy\u00f3 en todos mis desaf\u00edos. Juntos, tenemos a Juana, Lola y Mia. Soy el menor de 6 hermanos. Nac\u00ed en Mayor Buratovich, un peque\u00f1o pueblo del sur de la Provincia de Buenos Aires, porque mi padre era m\u00e9dico rural. Me gusta andar en bicicleta, salir a cenar con mi mujer, &nbsp;ir a la cancha con mis hijas y pasar buenos momentos con amigos.<\/p>\n\n\n\n<p>Mi gran vocaci\u00f3n es emprender y generar nuevos desaf\u00edos. Creo que para mejorar hay que probar, equivocarse y hacer lo que nos gusta con pasi\u00f3n. Y me gustar\u00eda que mi legado sea la convicci\u00f3n de que si uno no se rinde, los logros llegan.<\/p>\n\n\n\n<p>Los caballos siempre me transmitieron mucha paz, tranquilidad y fervor al mismo tiempo. El d\u00eda que vi a nuestro primer caballo en la recta final, sent\u00ed la misma pasi\u00f3n que cuando jugaba al Rugby y, por eso, decid\u00ed crear CH\u00daCAROS junto a mis amigos y socios, Pedro y Mario Ledesma.<\/p>\n\n\n\n<p>En CH\u00daCAROS vivimos el Turf como un deporte apasionante y consideramos que nuestros caballos son atletas de \u00e9lite. Como m\u00e9dico, tengo el convencimiento de que la mejor versi\u00f3n de todo atleta arranca por su bienestar, su salud y su alimentaci\u00f3n, por eso reclutamos un equipo de alto rendimiento, que cuida hasta el m\u00e1s peque\u00f1o de los detalles de cara al bienestar y el desarrollo deportivo de nuestros SPC.<\/p>\n\n\n\n<p><\/p>\n\n\n\n<figure class=\"wp-block-gallery has-nested-images columns-default is-cropped wp-block-gallery-1 is-layout-flex wp-block-gallery-is-layout-flex\">\n<figure class=\"wp-block-image size-large\"><img loading=\"lazy\" decoding=\"async\" width=\"1024\" height=\"768\" data-id=\"200\" src=\"https:\/\/chucaros.com.ar\/c\/wp-content\/uploads\/2024\/05\/PHOTO-2024-04-13-15-00-54-1024x768.jpg\" alt=\"\" class=\"wp-image-200\" srcset=\"https:\/\/chucaros.com.ar\/c\/wp-content\/uploads\/2024\/05\/PHOTO-2024-04-13-15-00-54-1024x768.jpg 1024w, https:\/\/chucaros.com.ar\/c\/wp-content\/uploads\/2024\/05\/PHOTO-2024-04-13-15-00-54-300x225.jpg 300w, https:\/\/chucaros.com.ar\/c\/wp-content\/uploads\/2024\/05\/PHOTO-2024-04-13-15-00-54-768x576.jpg 768w, https:\/\/chucaros.com.ar\/c\/wp-content\/uploads\/2024\/05\/PHOTO-2024-04-13-15-00-54.jpg 1280w\" sizes=\"auto, (max-width: 1024px) 100vw, 1024px\" \/><\/figure>\n\n\n\n<figure class=\"wp-block-image size-large\"><img loading=\"lazy\" decoding=\"async\" width=\"1024\" height=\"578\" data-id=\"201\" src=\"https:\/\/chucaros.com.ar\/c\/wp-content\/uploads\/2024\/05\/PHOTO-2024-04-13-15-01-24-2-1024x578.jpg\" alt=\"\" class=\"wp-image-201\" srcset=\"https:\/\/chucaros.com.ar\/c\/wp-content\/uploads\/2024\/05\/PHOTO-2024-04-13-15-01-24-2-1024x578.jpg 1024w, https:\/\/chucaros.com.ar\/c\/wp-content\/uploads\/2024\/05\/PHOTO-2024-04-13-15-01-24-2-300x169.jpg 300w, https:\/\/chucaros.com.ar\/c\/wp-content\/uploads\/2024\/05\/PHOTO-2024-04-13-15-01-24-2-768x434.jpg 768w, https:\/\/chucaros.com.ar\/c\/wp-content\/uploads\/2024\/05\/PHOTO-2024-04-13-15-01-24-2.jpg 1045w\" sizes=\"auto, (max-width: 1024px) 100vw, 1024px\" \/><\/figure>\n\n\n\n<figure class=\"wp-block-image size-large\"><img loading=\"lazy\" decoding=\"async\" width=\"1024\" height=\"762\" data-id=\"653\" src=\"https:\/\/chucaros.com.ar\/c\/wp-content\/uploads\/2024\/07\/WhatsApp-Image-2024-02-10-at-12.22.47-1024x762.jpeg\" alt=\"\" class=\"wp-image-653\" srcset=\"https:\/\/chucaros.com.ar\/c\/wp-content\/uploads\/2024\/07\/WhatsApp-Image-2024-02-10-at-12.22.47-1024x762.jpeg 1024w, https:\/\/chucaros.com.ar\/c\/wp-content\/uploads\/2024\/07\/WhatsApp-Image-2024-02-10-at-12.22.47-300x223.jpeg 300w, https:\/\/chucaros.com.ar\/c\/wp-content\/uploads\/2024\/07\/WhatsApp-Image-2024-02-10-at-12.22.47-768x571.jpeg 768w, https:\/\/chucaros.com.ar\/c\/wp-content\/uploads\/2024\/07\/WhatsApp-Image-2024-02-10-at-12.22.47-1536x1142.jpeg 1536w, https:\/\/chucaros.com.ar\/c\/wp-content\/uploads\/2024\/07\/WhatsApp-Image-2024-02-10-at-12.22.47.jpeg 1600w\" sizes=\"auto, (max-width: 1024px) 100vw, 1024px\" \/><\/figure>\n<\/figure>\n\n\n\n<figure class=\"wp-block-gallery has-nested-images columns-default is-cropped wp-block-gallery-2 is-layout-flex wp-block-gallery-is-layout-flex\">\n<figure class=\"wp-block-image size-large\"><img loading=\"lazy\" decoding=\"async\" width=\"1024\" height=\"768\" data-id=\"208\" src=\"https:\/\/chucaros.com.ar\/c\/wp-content\/uploads\/2024\/05\/WhatsApp-Image-2024-04-13-at-15.28.07-1-1024x768.jpeg\" alt=\"\" class=\"wp-image-208\" srcset=\"https:\/\/chucaros.com.ar\/c\/wp-content\/uploads\/2024\/05\/WhatsApp-Image-2024-04-13-at-15.28.07-1-1024x768.jpeg 1024w, https:\/\/chucaros.com.ar\/c\/wp-content\/uploads\/2024\/05\/WhatsApp-Image-2024-04-13-at-15.28.07-1-300x225.jpeg 300w, https:\/\/chucaros.com.ar\/c\/wp-content\/uploads\/2024\/05\/WhatsApp-Image-2024-04-13-at-15.28.07-1-768x576.jpeg 768w, https:\/\/chucaros.com.ar\/c\/wp-content\/uploads\/2024\/05\/WhatsApp-Image-2024-04-13-at-15.28.07-1.jpeg 1280w\" sizes=\"auto, (max-width: 1024px) 100vw, 1024px\" \/><\/figure>\n\n\n\n<figure class=\"wp-block-image size-large\"><img loading=\"lazy\" decoding=\"async\" width=\"1024\" height=\"768\" data-id=\"209\" src=\"https:\/\/chucaros.com.ar\/c\/wp-content\/uploads\/2024\/05\/WhatsApp-Image-2024-04-13-at-15.28.08-1024x768.jpeg\" alt=\"\" class=\"wp-image-209\" srcset=\"https:\/\/chucaros.com.ar\/c\/wp-content\/uploads\/2024\/05\/WhatsApp-Image-2024-04-13-at-15.28.08-1024x768.jpeg 1024w, https:\/\/chucaros.com.ar\/c\/wp-content\/uploads\/2024\/05\/WhatsApp-Image-2024-04-13-at-15.28.08-300x225.jpeg 300w, https:\/\/chucaros.com.ar\/c\/wp-content\/uploads\/2024\/05\/WhatsApp-Image-2024-04-13-at-15.28.08-768x576.jpeg 768w, https:\/\/chucaros.com.ar\/c\/wp-content\/uploads\/2024\/05\/WhatsApp-Image-2024-04-13-at-15.28.08.jpeg 1280w\" sizes=\"auto, (max-width: 1024px) 100vw, 1024px\" \/><\/figure>\n\n\n\n<figure class=\"wp-block-image size-large\"><img loading=\"lazy\" decoding=\"async\" width=\"768\" height=\"1024\" data-id=\"207\" src=\"https:\/\/chucaros.com.ar\/c\/wp-content\/uploads\/2024\/05\/WhatsApp-Image-2024-04-20-at-15.24.01.jpeg\" alt=\"\" class=\"wp-image-207\" srcset=\"https:\/\/chucaros.com.ar\/c\/wp-content\/uploads\/2024\/05\/WhatsApp-Image-2024-04-20-at-15.24.01.jpeg 768w, https:\/\/chucaros.com.ar\/c\/wp-content\/uploads\/2024\/05\/WhatsApp-Image-2024-04-20-at-15.24.01-225x300.jpeg 225w\" sizes=\"auto, (max-width: 768px) 100vw, 768px\" \/><\/figure>\n<\/figure>\n","protected":false},"excerpt":{"rendered":"<p>RODRIGO RONCERO Propietario y Director \u00abEl d\u00eda que vi a nuestro primer caballo en la recta final, sent\u00ed la misma pasi\u00f3n que cuando jugaba al Rugby\u00bb Tengo 47 a\u00f1os y estoy casado con Gabriela, mi amor y compa\u00f1era de vida, quien siempre me apoy\u00f3 en todos mis desaf\u00edos. Juntos, tenemos a Juana, Lola y Mia. &#8230; <a title=\"RODRIGO RONCERO\" class=\"read-more\" href=\"https:\/\/chucaros.com.ar\/c\/rodrigo-roncero\/\" aria-label=\"Leer m\u00e1s sobre RODRIGO RONCERO\">Leer m\u00e1s<\/a><\/p>\n","protected":false},"author":2,"featured_media":0,"parent":0,"menu_order":0,"comment_status":"closed","ping_status":"closed","template":"","meta":{"footnotes":""},"class_list":["post-180","page","type-page","status-publish"],"_links":{"self":[{"href":"https:\/\/chucaros.com.ar\/c\/wp-json\/wp\/v2\/pages\/180","targetHints":{"allow":["GET"]}}],"collection":[{"href":"https:\/\/chucaros.com.ar\/c\/wp-json\/wp\/v2\/pages"}],"about":[{"href":"https:\/\/chucaros.com.ar\/c\/wp-json\/wp\/v2\/types\/page"}],"author":[{"embeddable":true,"href":"https:\/\/chucaros.com.ar\/c\/wp-json\/wp\/v2\/users\/2"}],"replies":[{"embeddable":true,"href":"https:\/\/chucaros.com.ar\/c\/wp-json\/wp\/v2\/comments?post=180"}],"version-history":[{"count":22,"href":"https:\/\/chucaros.com.ar\/c\/wp-json\/wp\/v2\/pages\/180\/revisions"}],"predecessor-version":[{"id":658,"href":"https:\/\/chucaros.com.ar\/c\/wp-json\/wp\/v2\/pages\/180\/revisions\/658"}],"wp:attachment":[{"href":"https:\/\/chucaros.com.ar\/c\/wp-json\/wp\/v2\/media?parent=180"}],"curies":[{"name":"wp","href":"https:\/\/api.w.org\/{rel}","templated":true}]}}